{"id":2333,"date":"2026-04-07T03:58:03","date_gmt":"2026-04-07T01:58:03","guid":{"rendered":"https:\/\/www.posestkunigunda.com\/kulinaricno-dozivetje\/?page_id=2333"},"modified":"2026-04-07T04:03:23","modified_gmt":"2026-04-07T02:03:23","slug":"politika-zasebnosti","status":"publish","type":"page","link":"https:\/\/www.posestkunigunda.com\/kulinaricno-dozivetje\/politika-zasebnosti\/","title":{"rendered":"Politika zasebnosti"},"content":{"rendered":"[vc_row type=&#8221;in_container&#8221; full_screen_row_position=&#8221;middle&#8221; column_margin=&#8221;default&#8221; column_direction=&#8221;default&#8221; column_direction_tablet=&#8221;default&#8221; column_direction_phone=&#8221;default&#8221; scene_position=&#8221;center&#8221; text_color=&#8221;dark&#8221; text_align=&#8221;left&#8221; row_border_radius=&#8221;none&#8221; row_border_radius_applies=&#8221;bg&#8221; row_position_desktop=&#8221;default&#8221; row_position_tablet=&#8221;inherit&#8221; row_position_phone=&#8221;inherit&#8221; overflow=&#8221;visible&#8221; overlay_strength=&#8221;0.3&#8243; gradient_direction=&#8221;left_to_right&#8221; shape_divider_position=&#8221;bottom&#8221; bg_image_animation=&#8221;none&#8221;][vc_column column_padding=&#8221;no-extra-padding&#8221; column_padding_tablet=&#8221;inherit&#8221; column_padding_phone=&#8221;inherit&#8221; column_padding_position=&#8221;all&#8221; flex_gap_desktop=&#8221;10px&#8221; column_element_direction_desktop=&#8221;default&#8221; column_element_spacing=&#8221;default&#8221; desktop_text_alignment=&#8221;default&#8221; tablet_text_alignment=&#8221;default&#8221; phone_text_alignment=&#8221;default&#8221; background_color_opacity=&#8221;1&#8243; background_hover_color_opacity=&#8221;1&#8243; column_backdrop_filter=&#8221;none&#8221; column_shadow=&#8221;none&#8221; column_border_radius=&#8221;none&#8221; column_link_target=&#8221;_self&#8221; column_position=&#8221;default&#8221; gradient_direction=&#8221;left_to_right&#8221; overlay_strength=&#8221;0.3&#8243; width=&#8221;1\/1&#8243; tablet_width_inherit=&#8221;default&#8221; animation_type=&#8221;default&#8221; bg_image_animation=&#8221;none&#8221; border_type=&#8221;simple&#8221; column_border_width=&#8221;none&#8221; column_border_style=&#8221;solid&#8221;][vc_column_text css=&#8221;&#8221; text_direction=&#8221;default&#8221;]\n<h2 data-section-id=\"1d6tonc\" data-start=\"149\" data-end=\"171\">Politika zasebnosti<\/h2>\n<p data-start=\"173\" data-end=\"197\"><strong data-start=\"173\" data-end=\"197\">Velja od: 7. 4. 2026<\/strong><\/p>\n<p data-start=\"199\" data-end=\"335\">Na spletni strani zbiramo in obdelujemo osebne podatke izklju\u010dno za namen komunikacije in obdelave va\u0161ega povpra\u0161evanja ali rezervacije.<\/p>\n<h3 data-section-id=\"18a7dsa\" data-start=\"337\" data-end=\"363\">Katere podatke zbiramo<\/h3>\n<p data-start=\"364\" data-end=\"422\">Preko kontaktnega obrazca lahko zbiramo naslednje podatke:<\/p>\n<ul data-start=\"423\" data-end=\"531\">\n<li data-section-id=\"1yktz0v\" data-start=\"423\" data-end=\"441\">ime in priimek<\/li>\n<li data-section-id=\"1steq3o\" data-start=\"442\" data-end=\"461\">e-po\u0161tni naslov<\/li>\n<li data-section-id=\"j8hhgn\" data-start=\"462\" data-end=\"485\">telefonsko \u0161tevilko<\/li>\n<li data-section-id=\"g8cmd2\" data-start=\"486\" data-end=\"531\">druge podatke, ki jih vnesete v sporo\u010dilo<\/li>\n<\/ul>\n<h3 data-section-id=\"12oosml\" data-start=\"533\" data-end=\"559\">Namen uporabe podatkov<\/h3>\n<p data-start=\"560\" data-end=\"600\">Zbrane podatke uporabljamo izklju\u010dno za:<\/p>\n<ul data-start=\"601\" data-end=\"729\">\n<li data-section-id=\"1rmxll0\" data-start=\"601\" data-end=\"634\">odgovor na va\u0161e povpra\u0161evanje<\/li>\n<li data-section-id=\"x4gcvm\" data-start=\"635\" data-end=\"671\">pripravo ponudbe ali rezervacije<\/li>\n<li data-section-id=\"eh2rnk\" data-start=\"672\" data-end=\"729\">nadaljnjo komunikacijo v zvezi z va\u0161im povpra\u0161evanjem<\/li>\n<\/ul>\n<p data-start=\"731\" data-end=\"809\">Va\u0161ih podatkov ne uporabljamo za tr\u017eenje in jih ne posredujemo tretjim osebam.<\/p>\n<h3 data-section-id=\"1bdt8bz\" data-start=\"811\" data-end=\"830\">Hramba podatkov<\/h3>\n<p data-start=\"831\" data-end=\"949\">Podatke hranimo samo toliko \u010dasa, kot je potrebno za izvedbo komunikacije ali storitve, oziroma v skladu z zakonodajo.<\/p>\n<h3 data-section-id=\"9ds86\" data-start=\"951\" data-end=\"973\">Varovanje podatkov<\/h3>\n<p data-start=\"974\" data-end=\"1046\">Zavezujemo se, da bomo va\u0161e podatke varovali in jih ne bomo zlorabljali.<\/p>\n<h3 data-section-id=\"psu60f\" data-start=\"1048\" data-end=\"1064\">Va\u0161e pravice<\/h3>\n<p data-start=\"1065\" data-end=\"1091\">Kadarkoli lahko zahtevate:<\/p>\n<ul data-start=\"1092\" data-end=\"1173\">\n<li data-section-id=\"123p1xq\" data-start=\"1092\" data-end=\"1118\">vpogled v va\u0161e podatke<\/li>\n<li data-section-id=\"1ay12nh\" data-start=\"1119\" data-end=\"1151\">popravek ali izbris podatkov<\/li>\n<li data-section-id=\"1inuuhl\" data-start=\"1152\" data-end=\"1173\">omejitev obdelave<\/li>\n<\/ul>\n<p data-start=\"1175\" data-end=\"1236\">Za uveljavljanje pravic nas kontaktirajte na spodnje podatke.<\/p>\n<h3 data-section-id=\"1mpsfgt\" data-start=\"1238\" data-end=\"1262\">Upravljavec podatkov<\/h3>\n<p data-start=\"1263\" data-end=\"1341\">Posest Kunigunda<br data-start=\"1279\" data-end=\"1282\" \/>\u0160entjungert 10a<br data-start=\"1297\" data-end=\"1300\" \/>3201 \u0160martno v Ro\u017eni dolini<br data-start=\"1327\" data-end=\"1330\" \/>Slovenija<\/p>\n<p data-start=\"1343\" data-end=\"1393\">T: +386 41 630 244<br data-start=\"1361\" data-end=\"1364\" \/>E: <a class=\"decorated-link cursor-pointer\" rel=\"noopener\" data-start=\"1367\" data-end=\"1391\">info@posestkunigunda.com<\/a><\/p>\n[\/vc_column_text][\/vc_column][\/vc_row]\n","protected":false},"excerpt":{"rendered":"<p>[vc_row type=&#8221;in_container&#8221; full_screen_row_position=&#8221;middle&#8221; column_margin=&#8221;default&#8221; column_direction=&#8221;default&#8221; column_direction_tablet=&#8221;default&#8221; column_direction_phone=&#8221;default&#8221; scene_position=&#8221;center&#8221; text_color=&#8221;dark&#8221; text_align=&#8221;left&#8221; row_border_radius=&#8221;none&#8221; row_border_radius_applies=&#8221;bg&#8221; row_position_desktop=&#8221;default&#8221; row_position_tablet=&#8221;inherit&#8221; row_position_phone=&#8221;inherit&#8221; overflow=&#8221;visible&#8221; overlay_strength=&#8221;0.3&#8243; gradient_direction=&#8221;left_to_right&#8221; shape_divider_position=&#8221;bottom&#8221; bg_image_animation=&#8221;none&#8221;][vc_column column_padding=&#8221;no-extra-padding&#8221; column_padding_tablet=&#8221;inherit&#8221; column_padding_phone=&#8221;inherit&#8221; column_padding_position=&#8221;all&#8221; flex_gap_desktop=&#8221;10px&#8221; column_element_direction_desktop=&#8221;default&#8221; column_element_spacing=&#8221;default&#8221; desktop_text_alignment=&#8221;default&#8221; tablet_text_alignment=&#8221;default&#8221; phone_text_alignment=&#8221;default&#8221;&#8230;<\/p>\n","protected":false},"author":1,"featured_media":0,"parent":0,"menu_order":0,"comment_status":"closed","ping_status":"closed","template":"","meta":{"_acf_changed":false,"footnotes":""},"class_list":["post-2333","page","type-page","status-publish"],"acf":[],"_links":{"self":[{"href":"https:\/\/www.posestkunigunda.com\/kulinaricno-dozivetje\/wp-json\/wp\/v2\/pages\/2333","targetHints":{"allow":["GET"]}}],"collection":[{"href":"https:\/\/www.posestkunigunda.com\/kulinaricno-dozivetje\/wp-json\/wp\/v2\/pages"}],"about":[{"href":"https:\/\/www.posestkunigunda.com\/kulinaricno-dozivetje\/wp-json\/wp\/v2\/types\/page"}],"author":[{"embeddable":true,"href":"https:\/\/www.posestkunigunda.com\/kulinaricno-dozivetje\/wp-json\/wp\/v2\/users\/1"}],"replies":[{"embeddable":true,"href":"https:\/\/www.posestkunigunda.com\/kulinaricno-dozivetje\/wp-json\/wp\/v2\/comments?post=2333"}],"version-history":[{"count":2,"href":"https:\/\/www.posestkunigunda.com\/kulinaricno-dozivetje\/wp-json\/wp\/v2\/pages\/2333\/revisions"}],"predecessor-version":[{"id":2336,"href":"https:\/\/www.posestkunigunda.com\/kulinaricno-dozivetje\/wp-json\/wp\/v2\/pages\/2333\/revisions\/2336"}],"wp:attachment":[{"href":"https:\/\/www.posestkunigunda.com\/kulinaricno-dozivetje\/wp-json\/wp\/v2\/media?parent=2333"}],"curies":[{"name":"wp","href":"https:\/\/api.w.org\/{rel}","templated":true}]}}