{"id":2446,"date":"2024-06-17T09:16:19","date_gmt":"2024-06-17T09:16:19","guid":{"rendered":"https:\/\/posestkunigunda.forwardapps.si\/?post_type=product&#038;p=2446"},"modified":"2025-09-01T16:08:26","modified_gmt":"2025-09-01T16:08:26","slug":"smarnca-teater","status":"publish","type":"product","link":"https:\/\/www.posestkunigunda.com\/en\/prostori\/smarnca-teater\/","title":{"rendered":"\u0160marn\u2019ca Teater"},"content":{"rendered":"<p>\u0160marnca Teater offers breathtaking views and serves as the perfect stage for unforgettable outdoor events. From civil weddings and intimate concerts to ambient music sessions, motivational workshops, and relaxation programmes, it's a place where special moments feel even more memorable.<\/p>","protected":false},"excerpt":{"rendered":"<p>\u0160marnca Teater offers breathtaking views and serves as the perfect stage for unforgettable outdoor events. From civil weddings and intimate concerts to ambient music sessions, motivational workshops, and relaxation programmes, it's a place where special moments feel even more memorable.<\/p>","protected":false},"featured_media":1873,"template":"","meta":[],"product_brand":[],"product_cat":[25],"product_tag":[],"class_list":{"0":"post-2446","1":"product","2":"type-product","3":"status-publish","4":"has-post-thumbnail","6":"product_cat-nekategorizirano","8":"first","9":"instock","10":"virtual","11":"purchasable","12":"product-type-simple"},"yoast_head":"<!-- This site is optimized with the Yoast SEO plugin v27.4 - https:\/\/yoast.com\/product\/yoast-seo-wordpress\/ -->\n<title>\u0160marn\u2019ca Teater - Prostor za najem - Posest Kunigunda<\/title>\n<meta name=\"description\" content=\"Na prostoru \u0160marn\u2019ca Teater lahko gostje izbirajo sedi\u0161\u010da ali stoji\u0161\u010da- naravne tribune. Prostor ponuja dovolj prostora za 130 gostov.\" \/>\n<meta name=\"robots\" content=\"index, follow, max-snippet:-1, max-image-preview:large, max-video-preview:-1\" \/>\n<link rel=\"canonical\" href=\"https:\/\/www.posestkunigunda.com\/en\/prostori\/smarnca-teater\/\" \/>\n<meta property=\"og:locale\" content=\"en_US\" \/>\n<meta property=\"og:type\" content=\"article\" \/>\n<meta property=\"og:title\" content=\"\u0160marn\u2019ca Teater - Prostor za najem - Posest Kunigunda\" \/>\n<meta property=\"og:description\" content=\"Na prostoru \u0160marn\u2019ca Teater lahko gostje izbirajo sedi\u0161\u010da ali stoji\u0161\u010da- naravne tribune. Prostor ponuja dovolj prostora za 130 gostov.\" \/>\n<meta property=\"og:url\" content=\"https:\/\/www.posestkunigunda.com\/en\/prostori\/smarnca-teater\/\" \/>\n<meta property=\"og:site_name\" content=\"Posest Kunigunda\" \/>\n<meta property=\"article:publisher\" content=\"https:\/\/www.facebook.com\/posestkunigunda\" \/>\n<meta property=\"article:modified_time\" content=\"2025-09-01T16:08:26+00:00\" \/>\n<meta property=\"og:image\" content=\"https:\/\/www.posestkunigunda.com\/wp-content\/uploads\/2023\/02\/smarnca-4.webp\" \/>\n\t<meta property=\"og:image:width\" content=\"540\" \/>\n\t<meta property=\"og:image:height\" content=\"720\" \/>\n\t<meta property=\"og:image:type\" content=\"image\/webp\" \/>\n<meta name=\"twitter:card\" content=\"summary_large_image\" \/>\n<meta name=\"twitter:label1\" content=\"Est. reading time\" \/>\n\t<meta name=\"twitter:data1\" content=\"1 minute\" \/>\n<script type=\"application\/ld+json\" class=\"yoast-schema-graph\">{\"@context\":\"https:\\\/\\\/schema.org\",\"@graph\":[{\"@type\":\"WebPage\",\"@id\":\"https:\\\/\\\/www.posestkunigunda.com\\\/prostori\\\/smarnca-teater\\\/\",\"url\":\"https:\\\/\\\/www.posestkunigunda.com\\\/prostori\\\/smarnca-teater\\\/\",\"name\":\"\u0160marn\u2019ca Teater - Prostor za najem - Posest Kunigunda\",\"isPartOf\":{\"@id\":\"https:\\\/\\\/www.posestkunigunda.com\\\/#website\"},\"primaryImageOfPage\":{\"@id\":\"https:\\\/\\\/www.posestkunigunda.com\\\/prostori\\\/smarnca-teater\\\/#primaryimage\"},\"image\":{\"@id\":\"https:\\\/\\\/www.posestkunigunda.com\\\/prostori\\\/smarnca-teater\\\/#primaryimage\"},\"thumbnailUrl\":\"https:\\\/\\\/www.posestkunigunda.com\\\/wp-content\\\/uploads\\\/2023\\\/02\\\/smarnca-4.webp\",\"datePublished\":\"2024-06-17T09:16:19+00:00\",\"dateModified\":\"2025-09-01T16:08:26+00:00\",\"description\":\"Na prostoru \u0160marn\u2019ca Teater lahko gostje izbirajo sedi\u0161\u010da ali stoji\u0161\u010da- naravne tribune. Prostor ponuja dovolj prostora za 130 gostov.\",\"breadcrumb\":{\"@id\":\"https:\\\/\\\/www.posestkunigunda.com\\\/prostori\\\/smarnca-teater\\\/#breadcrumb\"},\"inLanguage\":\"en-US\",\"potentialAction\":[{\"@type\":\"ReadAction\",\"target\":[\"https:\\\/\\\/www.posestkunigunda.com\\\/prostori\\\/smarnca-teater\\\/\"]}]},{\"@type\":\"ImageObject\",\"inLanguage\":\"en-US\",\"@id\":\"https:\\\/\\\/www.posestkunigunda.com\\\/prostori\\\/smarnca-teater\\\/#primaryimage\",\"url\":\"https:\\\/\\\/www.posestkunigunda.com\\\/wp-content\\\/uploads\\\/2023\\\/02\\\/smarnca-4.webp\",\"contentUrl\":\"https:\\\/\\\/www.posestkunigunda.com\\\/wp-content\\\/uploads\\\/2023\\\/02\\\/smarnca-4.webp\",\"width\":540,\"height\":720},{\"@type\":\"BreadcrumbList\",\"@id\":\"https:\\\/\\\/www.posestkunigunda.com\\\/prostori\\\/smarnca-teater\\\/#breadcrumb\",\"itemListElement\":[{\"@type\":\"ListItem\",\"position\":1,\"name\":\"Domov\",\"item\":\"https:\\\/\\\/www.posestkunigunda.com\\\/\"},{\"@type\":\"ListItem\",\"position\":2,\"name\":\"Prostori\",\"item\":\"https:\\\/\\\/www.posestkunigunda.com\\\/prostori\\\/\"},{\"@type\":\"ListItem\",\"position\":3,\"name\":\"\u0160marn\u2019ca Teater\"}]},{\"@type\":\"WebSite\",\"@id\":\"https:\\\/\\\/www.posestkunigunda.com\\\/#website\",\"url\":\"https:\\\/\\\/www.posestkunigunda.com\\\/\",\"name\":\"Posest Kunigunda\",\"description\":\"Ljubo doma\",\"publisher\":{\"@id\":\"https:\\\/\\\/www.posestkunigunda.com\\\/#organization\"},\"potentialAction\":[{\"@type\":\"SearchAction\",\"target\":{\"@type\":\"EntryPoint\",\"urlTemplate\":\"https:\\\/\\\/www.posestkunigunda.com\\\/?s={search_term_string}\"},\"query-input\":{\"@type\":\"PropertyValueSpecification\",\"valueRequired\":true,\"valueName\":\"search_term_string\"}}],\"inLanguage\":\"en-US\"},{\"@type\":\"Organization\",\"@id\":\"https:\\\/\\\/www.posestkunigunda.com\\\/#organization\",\"name\":\"Posest Kunigunda\",\"url\":\"https:\\\/\\\/www.posestkunigunda.com\\\/\",\"logo\":{\"@type\":\"ImageObject\",\"inLanguage\":\"en-US\",\"@id\":\"https:\\\/\\\/www.posestkunigunda.com\\\/#\\\/schema\\\/logo\\\/image\\\/\",\"url\":\"https:\\\/\\\/www.posestkunigunda.com\\\/wp-content\\\/uploads\\\/2025\\\/08\\\/1234.png\",\"contentUrl\":\"https:\\\/\\\/www.posestkunigunda.com\\\/wp-content\\\/uploads\\\/2025\\\/08\\\/1234.png\",\"width\":237,\"height\":90,\"caption\":\"Posest Kunigunda\"},\"image\":{\"@id\":\"https:\\\/\\\/www.posestkunigunda.com\\\/#\\\/schema\\\/logo\\\/image\\\/\"},\"sameAs\":[\"https:\\\/\\\/www.facebook.com\\\/posestkunigunda\",\"https:\\\/\\\/www.instagram.com\\\/posest_kunigunda\\\/\"]}]}<\/script>\n<!-- \/ Yoast SEO plugin. -->","yoast_head_json":{"title":"\u0160marn\u2019ca Teater - Prostor za najem - Posest Kunigunda","description":"Na prostoru \u0160marn\u2019ca Teater lahko gostje izbirajo sedi\u0161\u010da ali stoji\u0161\u010da- naravne tribune. Prostor ponuja dovolj prostora za 130 gostov.","robots":{"index":"index","follow":"follow","max-snippet":"max-snippet:-1","max-image-preview":"max-image-preview:large","max-video-preview":"max-video-preview:-1"},"canonical":"https:\/\/www.posestkunigunda.com\/en\/prostori\/smarnca-teater\/","og_locale":"en_US","og_type":"article","og_title":"\u0160marn\u2019ca Teater - Prostor za najem - Posest Kunigunda","og_description":"Na prostoru \u0160marn\u2019ca Teater lahko gostje izbirajo sedi\u0161\u010da ali stoji\u0161\u010da- naravne tribune. Prostor ponuja dovolj prostora za 130 gostov.","og_url":"https:\/\/www.posestkunigunda.com\/en\/prostori\/smarnca-teater\/","og_site_name":"Posest Kunigunda","article_publisher":"https:\/\/www.facebook.com\/posestkunigunda","article_modified_time":"2025-09-01T16:08:26+00:00","og_image":[{"width":540,"height":720,"url":"https:\/\/www.posestkunigunda.com\/wp-content\/uploads\/2023\/02\/smarnca-4.webp","type":"image\/webp"}],"twitter_card":"summary_large_image","twitter_misc":{"Est. reading time":"1 minute"},"schema":{"@context":"https:\/\/schema.org","@graph":[{"@type":"WebPage","@id":"https:\/\/www.posestkunigunda.com\/prostori\/smarnca-teater\/","url":"https:\/\/www.posestkunigunda.com\/prostori\/smarnca-teater\/","name":"\u0160marn\u2019ca Teater - Prostor za najem - Posest Kunigunda","isPartOf":{"@id":"https:\/\/www.posestkunigunda.com\/#website"},"primaryImageOfPage":{"@id":"https:\/\/www.posestkunigunda.com\/prostori\/smarnca-teater\/#primaryimage"},"image":{"@id":"https:\/\/www.posestkunigunda.com\/prostori\/smarnca-teater\/#primaryimage"},"thumbnailUrl":"https:\/\/www.posestkunigunda.com\/wp-content\/uploads\/2023\/02\/smarnca-4.webp","datePublished":"2024-06-17T09:16:19+00:00","dateModified":"2025-09-01T16:08:26+00:00","description":"Na prostoru \u0160marn\u2019ca Teater lahko gostje izbirajo sedi\u0161\u010da ali stoji\u0161\u010da- naravne tribune. Prostor ponuja dovolj prostora za 130 gostov.","breadcrumb":{"@id":"https:\/\/www.posestkunigunda.com\/prostori\/smarnca-teater\/#breadcrumb"},"inLanguage":"en-US","potentialAction":[{"@type":"ReadAction","target":["https:\/\/www.posestkunigunda.com\/prostori\/smarnca-teater\/"]}]},{"@type":"ImageObject","inLanguage":"en-US","@id":"https:\/\/www.posestkunigunda.com\/prostori\/smarnca-teater\/#primaryimage","url":"https:\/\/www.posestkunigunda.com\/wp-content\/uploads\/2023\/02\/smarnca-4.webp","contentUrl":"https:\/\/www.posestkunigunda.com\/wp-content\/uploads\/2023\/02\/smarnca-4.webp","width":540,"height":720},{"@type":"BreadcrumbList","@id":"https:\/\/www.posestkunigunda.com\/prostori\/smarnca-teater\/#breadcrumb","itemListElement":[{"@type":"ListItem","position":1,"name":"Domov","item":"https:\/\/www.posestkunigunda.com\/"},{"@type":"ListItem","position":2,"name":"Prostori","item":"https:\/\/www.posestkunigunda.com\/prostori\/"},{"@type":"ListItem","position":3,"name":"\u0160marn\u2019ca Teater"}]},{"@type":"WebSite","@id":"https:\/\/www.posestkunigunda.com\/#website","url":"https:\/\/www.posestkunigunda.com\/","name":"Posest Kunigunda","description":"Ljubo doma","publisher":{"@id":"https:\/\/www.posestkunigunda.com\/#organization"},"potentialAction":[{"@type":"SearchAction","target":{"@type":"EntryPoint","urlTemplate":"https:\/\/www.posestkunigunda.com\/?s={search_term_string}"},"query-input":{"@type":"PropertyValueSpecification","valueRequired":true,"valueName":"search_term_string"}}],"inLanguage":"en-US"},{"@type":"Organization","@id":"https:\/\/www.posestkunigunda.com\/#organization","name":"Posest Kunigunda","url":"https:\/\/www.posestkunigunda.com\/","logo":{"@type":"ImageObject","inLanguage":"en-US","@id":"https:\/\/www.posestkunigunda.com\/#\/schema\/logo\/image\/","url":"https:\/\/www.posestkunigunda.com\/wp-content\/uploads\/2025\/08\/1234.png","contentUrl":"https:\/\/www.posestkunigunda.com\/wp-content\/uploads\/2025\/08\/1234.png","width":237,"height":90,"caption":"Posest Kunigunda"},"image":{"@id":"https:\/\/www.posestkunigunda.com\/#\/schema\/logo\/image\/"},"sameAs":["https:\/\/www.facebook.com\/posestkunigunda","https:\/\/www.instagram.com\/posest_kunigunda\/"]}]}},"_links":{"self":[{"href":"https:\/\/www.posestkunigunda.com\/en\/wp-json\/wp\/v2\/product\/2446","targetHints":{"allow":["GET"]}}],"collection":[{"href":"https:\/\/www.posestkunigunda.com\/en\/wp-json\/wp\/v2\/product"}],"about":[{"href":"https:\/\/www.posestkunigunda.com\/en\/wp-json\/wp\/v2\/types\/product"}],"wp:featuredmedia":[{"embeddable":true,"href":"https:\/\/www.posestkunigunda.com\/en\/wp-json\/wp\/v2\/media\/1873"}],"wp:attachment":[{"href":"https:\/\/www.posestkunigunda.com\/en\/wp-json\/wp\/v2\/media?parent=2446"}],"wp:term":[{"taxonomy":"product_brand","embeddable":true,"href":"https:\/\/www.posestkunigunda.com\/en\/wp-json\/wp\/v2\/product_brand?post=2446"},{"taxonomy":"product_cat","embeddable":true,"href":"https:\/\/www.posestkunigunda.com\/en\/wp-json\/wp\/v2\/product_cat?post=2446"},{"taxonomy":"product_tag","embeddable":true,"href":"https:\/\/www.posestkunigunda.com\/en\/wp-json\/wp\/v2\/product_tag?post=2446"}],"curies":[{"name":"wp","href":"https:\/\/api.w.org\/{rel}","templated":true}]}}