{"id":5612,"date":"2025-08-16T11:15:09","date_gmt":"2025-08-16T11:15:09","guid":{"rendered":"https:\/\/www.posestkunigunda.com\/?page_id=5612"},"modified":"2025-10-08T21:14:14","modified_gmt":"2025-10-08T21:14:14","slug":"retreat","status":"publish","type":"page","link":"https:\/\/www.posestkunigunda.com\/en\/retreat\/","title":{"rendered":"Retreat"},"content":{"rendered":"<div data-elementor-type=\"wp-page\" data-elementor-id=\"5612\" class=\"elementor elementor-5612\" data-elementor-post-type=\"page\">\n\t\t\t\t<div class=\"elementor-element elementor-element-aa8d761 e-con-full e-flex e-con e-parent\" data-id=\"aa8d761\" data-element_type=\"container\" data-e-type=\"container\" data-settings=\"{&quot;background_background&quot;:&quot;classic&quot;}\">\n\t\t<div class=\"elementor-element elementor-element-147ed8e e-flex e-con-boxed e-con e-child\" data-id=\"147ed8e\" data-element_type=\"container\" data-e-type=\"container\">\n\t\t\t\t\t<div class=\"e-con-inner\">\n\t\t\t\t<div class=\"elementor-element elementor-element-05b9037 elementor-widget elementor-widget-heading\" data-id=\"05b9037\" data-element_type=\"widget\" data-e-type=\"widget\" data-widget_type=\"heading.default\">\n\t\t\t\t<div class=\"elementor-widget-container\">\n\t\t\t\t\t<h2 class=\"elementor-heading-title elementor-size-default\">RetrEAT<\/h2>\t\t\t\t<\/div>\n\t\t\t\t<\/div>\n\t\t\t\t<div class=\"elementor-element elementor-element-1e64da1 elementor-widget elementor-widget-text-editor\" data-id=\"1e64da1\" data-element_type=\"widget\" data-e-type=\"widget\" data-widget_type=\"text-editor.default\">\n\t\t\t\t<div class=\"elementor-widget-container\">\n\t\t\t\t\t\t\t\t\t<p><span style=\"white-space-collapse: preserve;\">Where switching off starts. Where the heart sings.<\/span><\/p>\t\t\t\t\t\t\t\t<\/div>\n\t\t\t\t<\/div>\n\t\t\t\t\t<\/div>\n\t\t\t\t<\/div>\n\t\t\t\t<\/div>\n\t\t<div class=\"elementor-element elementor-element-ccdfe81 e-flex e-con-boxed e-con e-parent\" data-id=\"ccdfe81\" data-element_type=\"container\" data-e-type=\"container\">\n\t\t\t\t\t<div class=\"e-con-inner\">\n\t\t\t\t<div class=\"elementor-element elementor-element-9a1ff91 elementor-widget elementor-widget-text-editor\" data-id=\"9a1ff91\" data-element_type=\"widget\" data-e-type=\"widget\" data-widget_type=\"text-editor.default\">\n\t\t\t\t<div class=\"elementor-widget-container\">\n\t\t\t\t\t\t\t\t\t<p class=\"cvGsUA direction-ltr align-start para-style-body\"><span class=\"a_GcMg font-feature-liga-off font-feature-clig-off font-feature-calt-off text-decoration-none text-strikethrough-none\">At Kunigunda, we hear it all the time: \u201cThis is exactly what I needed.\u201d<\/span><\/p><p class=\"cvGsUA direction-ltr align-start para-style-body\"><span class=\"a_GcMg font-feature-liga-off font-feature-clig-off font-feature-calt-off text-decoration-none text-strikethrough-none\">A place to drop the world and reconnect with yourself.<\/span><\/p><p class=\"cvGsUA direction-ltr align-start para-style-body\"><span class=\"a_GcMg font-feature-liga-off font-feature-clig-off font-feature-calt-off text-decoration-none text-strikethrough-none\">Pri nas se \u010duje\u0161, umiri\u0161 in \u2013 presenetljivo \u2013 za\u010dne\u0161 spet sli\u0161at samega sebe.<\/span><\/p><p class=\"cvGsUA direction-ltr align-start para-style-body\"><span class=\"a_GcMg font-feature-liga-off font-feature-clig-off font-feature-calt-off text-decoration-none text-strikethrough-none\">Sound baths, yoga under the trees, or just a long gaze into the forest.<\/span><\/p>\t\t\t\t\t\t\t\t<\/div>\n\t\t\t\t<\/div>\n\t\t\t\t\t<\/div>\n\t\t\t\t<\/div>\n\t\t<div class=\"elementor-element elementor-element-df2b368 e-con-full e-flex e-con e-parent\" data-id=\"df2b368\" data-element_type=\"container\" data-e-type=\"container\">\n\t\t<div class=\"elementor-element elementor-element-295f856 e-con-full e-flex e-con e-child\" data-id=\"295f856\" data-element_type=\"container\" data-e-type=\"container\" data-settings=\"{&quot;background_background&quot;:&quot;classic&quot;}\">\n\t\t\t\t<\/div>\n\t\t<div class=\"elementor-element elementor-element-14352a0 e-con-full e-flex e-con e-child\" data-id=\"14352a0\" data-element_type=\"container\" data-e-type=\"container\" data-settings=\"{&quot;background_background&quot;:&quot;classic&quot;}\">\n\t\t\t\t<\/div>\n\t\t\t\t<\/div>\n\t\t<div class=\"elementor-element elementor-element-8d2cb3c e-flex e-con-boxed e-con e-parent\" data-id=\"8d2cb3c\" data-element_type=\"container\" data-e-type=\"container\">\n\t\t\t\t\t<div class=\"e-con-inner\">\n\t\t<div class=\"elementor-element elementor-element-6f9ed34 e-con-full e-flex e-con e-child\" data-id=\"6f9ed34\" data-element_type=\"container\" data-e-type=\"container\">\n\t\t\t\t<div class=\"elementor-element elementor-element-4472761 elementor-widget elementor-widget-text-editor\" data-id=\"4472761\" data-element_type=\"widget\" data-e-type=\"widget\" data-widget_type=\"text-editor.default\">\n\t\t\t\t<div class=\"elementor-widget-container\">\n\t\t\t\t\t\t\t\t\t<p class=\"cvGsUA direction-ltr align-start para-style-body\"><span class=\"a_GcMg font-feature-liga-off font-feature-clig-off font-feature-calt-off text-decoration-none text-strikethrough-none\">Retreat at Kunigunda<\/span><\/p><p class=\"cvGsUA direction-ltr align-start para-style-body\"><span class=\"a_GcMg font-feature-liga-off font-feature-clig-off font-feature-calt-off text-decoration-none text-strikethrough-none\">Some come for silence. Others for strength.<\/span><\/p><p class=\"cvGsUA direction-ltr align-start para-style-body\"><span class=\"a_GcMg font-feature-liga-off font-feature-clig-off font-feature-calt-off text-decoration-none text-strikethrough-none\">And some just because someone told them: \u201cGo up there \u2013 you\u2019ll see.\u201d<\/span><\/p><p class=\"cvGsUA direction-ltr align-start para-style-body\"><span class=\"a_GcMg font-feature-liga-off font-feature-clig-off font-feature-calt-off text-decoration-none text-strikethrough-none\">Our hill is a safe haven for anyone who needs to retreat, reset, and reconnect.<\/span><\/p><p class=\"cvGsUA direction-ltr align-start para-style-body\"><span class=\"a_GcMg font-feature-liga-off font-feature-clig-off font-feature-calt-off text-decoration-none text-strikethrough-none\">For a day. For a weekend. For life.<\/span><\/p><p class=\"cvGsUA direction-ltr align-start para-style-body\"><span class=\"a_GcMg font-feature-liga-off font-feature-clig-off font-feature-calt-off text-decoration-none text-strikethrough-none\">And as always at Kunigunda \u2013 there are two ways:<\/span><\/p><p class=\"cvGsUA direction-ltr align-start para-style-body\"><span class=\"a_GcMg font-feature-liga-off font-feature-clig-off font-feature-calt-off text-decoration-none text-strikethrough-none\">1. Your retreat, your way.<\/span><\/p><p class=\"cvGsUA direction-ltr align-start para-style-body\"><span class=\"a_GcMg font-feature-liga-off font-feature-clig-off font-feature-calt-off text-decoration-none text-strikethrough-none\">Take the space and create your own experience. Alone or with your team.\nWe step back \u2013 you step forward.<\/span><\/p><p class=\"cvGsUA direction-ltr align-start para-style-body\"><span class=\"a_GcMg font-feature-liga-off font-feature-clig-off font-feature-calt-off text-decoration-none text-strikethrough-none\">2. Kunigunda takes care.<\/span><\/p><p class=\"cvGsUA direction-ltr align-start para-style-body\"><span class=\"a_GcMg font-feature-liga-off font-feature-clig-off font-feature-calt-off text-decoration-none text-strikethrough-none\">Prefer to relax and let it flow? With carefully chosen partners\u2014not just anyone from the internet\u2014we co-create a programme that moves with your goals. From yin yoga, energy treatments and breathwork workshops, to sound baths, cacao ceremonies and anti-stress weekends with the most beautiful views\u2014every experience is designed to restore, recharge and inspire.<\/span><\/p><p class=\"cvGsUA direction-ltr align-start para-style-body\"><span class=\"a_GcMg font-feature-liga-off font-feature-clig-off font-feature-calt-off text-decoration-none text-strikethrough-none\">ki diha z va\u0161imi cilji. Od JIN joge, energijskih tretmajev, dihalnih delavnic, zvo\u010dnih<\/span><\/p><p class=\"cvGsUA direction-ltr align-start para-style-body\"><span class=\"a_GcMg font-feature-liga-off font-feature-clig-off font-feature-calt-off text-decoration-none text-strikethrough-none\">kopeli, kakavovih obredov, do antistresnih vikendov z najlep\u0161im pogledom dale\u010d naokoli.<\/span><\/p>\t\t\t\t\t\t\t\t<\/div>\n\t\t\t\t<\/div>\n\t\t\t\t<\/div>\n\t\t<div class=\"elementor-element elementor-element-636c7b2 e-con-full e-flex e-con e-child\" data-id=\"636c7b2\" data-element_type=\"container\" data-e-type=\"container\" data-settings=\"{&quot;background_background&quot;:&quot;classic&quot;}\">\n\t\t\t\t<\/div>\n\t\t\t\t\t<\/div>\n\t\t\t\t<\/div>\n\t\t<div class=\"elementor-element elementor-element-088ed88 e-flex e-con-boxed e-con e-parent\" data-id=\"088ed88\" data-element_type=\"container\" data-e-type=\"container\">\n\t\t\t\t\t<div class=\"e-con-inner\">\n\t\t\t\t<div class=\"elementor-element elementor-element-d27d4cc elementor-widget elementor-widget-text-editor\" data-id=\"d27d4cc\" data-element_type=\"widget\" data-e-type=\"widget\" data-widget_type=\"text-editor.default\">\n\t\t\t\t<div class=\"elementor-widget-container\">\n\t\t\t\t\t\t\t\t\t<p class=\"cvGsUA direction-ltr align-start para-style-body\"><span class=\"a_GcMg font-feature-liga-off font-feature-clig-off font-feature-calt-off text-decoration-none text-strikethrough-none\">Dihaj. Ne le zaradi plju\u010d \u2013 tudi zaradi sebe.<\/span><\/p>\t\t\t\t\t\t\t\t<\/div>\n\t\t\t\t<\/div>\n\t\t\t\t<div class=\"elementor-element elementor-element-84ca5c6 elementor-widget elementor-widget-text-editor\" data-id=\"84ca5c6\" data-element_type=\"widget\" data-e-type=\"widget\" data-widget_type=\"text-editor.default\">\n\t\t\t\t<div class=\"elementor-widget-container\">\n\t\t\t\t\t\t\t\t\t<p class=\"cvGsUA direction-ltr align-start para-style-body\"><span class=\"a_GcMg font-feature-liga-off font-feature-clig-off font-feature-calt-off text-decoration-none text-strikethrough-none\">What can happen here?<\/span><\/p><ul><li><span class=\"a_GcMg font-feature-liga-off font-feature-clig-off font-feature-calt-off text-decoration-none text-strikethrough-none\">Yin yoga and sound immersions<\/span><\/li><li><span class=\"a_GcMg font-feature-liga-off font-feature-clig-off font-feature-calt-off text-decoration-none text-strikethrough-none\">Hormone yoga for women<\/span><\/li><li><span class=\"a_GcMg font-feature-liga-off font-feature-clig-off font-feature-calt-off text-decoration-none text-strikethrough-none\">Breathwork and movement practices<\/span><\/li><li><span class=\"a_GcMg font-feature-liga-off font-feature-clig-off font-feature-calt-off text-decoration-none text-strikethrough-none\">Cacao ceremonies and meditations<\/span><\/li><li><span class=\"a_GcMg font-feature-liga-off font-feature-clig-off font-feature-calt-off text-decoration-none text-strikethrough-none\">Anti-stress workshops and energy treatments<\/span><\/li><li><span class=\"a_GcMg font-feature-liga-off font-feature-clig-off font-feature-calt-off text-decoration-none text-strikethrough-none\">Corporate wellness days<\/span><\/li><li><span class=\"a_GcMg font-feature-liga-off font-feature-clig-off font-feature-calt-off text-decoration-none text-strikethrough-none\">Retreat weekends for personal growth or team bonding<\/span><\/li><\/ul><p class=\"cvGsUA direction-ltr align-start para-style-body\">\u00a0<\/p><p class=\"cvGsUA direction-ltr align-start para-style-body\"><span class=\"a_GcMg font-feature-liga-off font-feature-clig-off font-feature-calt-off text-decoration-none text-strikethrough-none\">And if you don\u2019t quite find what you\u2019re looking for, we\u2019ll gladly help you create something no one has ever experienced before.<\/span><\/p>\t\t\t\t\t\t\t\t<\/div>\n\t\t\t\t<\/div>\n\t\t\t\t<div class=\"elementor-element elementor-element-d6a7d4e elementor-widget elementor-widget-text-editor\" data-id=\"d6a7d4e\" data-element_type=\"widget\" data-e-type=\"widget\" data-widget_type=\"text-editor.default\">\n\t\t\t\t<div class=\"elementor-widget-container\">\n\t\t\t\t\t\t\t\t\t<p class=\"cvGsUA direction-ltr align-start para-style-body\"><span class=\"a_GcMg font-feature-liga-off font-feature-clig-off font-feature-calt-off text-decoration-none text-strikethrough-none\">At Kunigunda, reset doesn\u2019t happen with a button.\nIt happens with a breath.<\/span><\/p>\t\t\t\t\t\t\t\t<\/div>\n\t\t\t\t<\/div>\n\t\t\t\t\t<\/div>\n\t\t\t\t<\/div>\n\t\t\t\t<\/div>","protected":false},"excerpt":{"rendered":"<p>RetrEAT Kjer se odklop za\u010dne. Kjer zaigra srce Na Kunigundi smo \u017ee velikokrat sli\u0161ali: \u201cTo\u010dno to sem rabil.\u201d Ko ljudje pridejo k sebi \u2013 ker kon\u010dno niso ve\u010d \u201ctam za druge.\u201d Pri nas se \u010duje\u0161, umiri\u0161 in \u2013 presenetljivo \u2013 za\u010dne\u0161 spet sli\u0161at samega sebe. V\u010dasih z zvo\u010dno kopeljo. Drugi\u010d z jogo pod drevesom. V\u010dasih [&hellip;]<\/p>","protected":false},"author":6,"featured_media":0,"parent":0,"menu_order":0,"comment_status":"closed","ping_status":"closed","template":"","meta":{"footnotes":""},"class_list":["post-5612","page","type-page","status-publish","hentry"],"yoast_head":"<!-- This site is optimized with the Yoast SEO plugin v27.4 - https:\/\/yoast.com\/product\/yoast-seo-wordpress\/ -->\n<title>Retreat - Posest Kunigunda<\/title>\n<meta name=\"robots\" content=\"index, follow, max-snippet:-1, max-image-preview:large, max-video-preview:-1\" \/>\n<link rel=\"canonical\" href=\"https:\/\/www.posestkunigunda.com\/en\/retreat\/\" \/>\n<meta property=\"og:locale\" content=\"en_US\" \/>\n<meta property=\"og:type\" content=\"article\" \/>\n<meta property=\"og:title\" content=\"Retreat - Posest Kunigunda\" \/>\n<meta property=\"og:description\" content=\"RetrEAT Kjer se odklop za\u010dne. Kjer zaigra srce Na Kunigundi smo \u017ee velikokrat sli\u0161ali: \u201cTo\u010dno to sem rabil.\u201d Ko ljudje pridejo k sebi \u2013 ker kon\u010dno niso ve\u010d \u201ctam za druge.\u201d Pri nas se \u010duje\u0161, umiri\u0161 in \u2013 presenetljivo \u2013 za\u010dne\u0161 spet sli\u0161at samega sebe. V\u010dasih z zvo\u010dno kopeljo. Drugi\u010d z jogo pod drevesom. V\u010dasih [&hellip;]\" \/>\n<meta property=\"og:url\" content=\"https:\/\/www.posestkunigunda.com\/en\/retreat\/\" \/>\n<meta property=\"og:site_name\" content=\"Posest Kunigunda\" \/>\n<meta property=\"article:publisher\" content=\"https:\/\/www.facebook.com\/posestkunigunda\" \/>\n<meta property=\"article:modified_time\" content=\"2025-10-08T21:14:14+00:00\" \/>\n<meta name=\"twitter:card\" content=\"summary_large_image\" \/>\n<meta name=\"twitter:label1\" content=\"Est. reading time\" \/>\n\t<meta name=\"twitter:data1\" content=\"2 minutes\" \/>\n<script type=\"application\/ld+json\" class=\"yoast-schema-graph\">{\"@context\":\"https:\\\/\\\/schema.org\",\"@graph\":[{\"@type\":\"WebPage\",\"@id\":\"https:\\\/\\\/www.posestkunigunda.com\\\/retreat\\\/\",\"url\":\"https:\\\/\\\/www.posestkunigunda.com\\\/retreat\\\/\",\"name\":\"Retreat - Posest Kunigunda\",\"isPartOf\":{\"@id\":\"https:\\\/\\\/www.posestkunigunda.com\\\/#website\"},\"datePublished\":\"2025-08-16T11:15:09+00:00\",\"dateModified\":\"2025-10-08T21:14:14+00:00\",\"breadcrumb\":{\"@id\":\"https:\\\/\\\/www.posestkunigunda.com\\\/retreat\\\/#breadcrumb\"},\"inLanguage\":\"en-US\",\"potentialAction\":[{\"@type\":\"ReadAction\",\"target\":[\"https:\\\/\\\/www.posestkunigunda.com\\\/retreat\\\/\"]}]},{\"@type\":\"BreadcrumbList\",\"@id\":\"https:\\\/\\\/www.posestkunigunda.com\\\/retreat\\\/#breadcrumb\",\"itemListElement\":[{\"@type\":\"ListItem\",\"position\":1,\"name\":\"Domov\",\"item\":\"https:\\\/\\\/www.posestkunigunda.com\\\/\"},{\"@type\":\"ListItem\",\"position\":2,\"name\":\"Retreat\"}]},{\"@type\":\"WebSite\",\"@id\":\"https:\\\/\\\/www.posestkunigunda.com\\\/#website\",\"url\":\"https:\\\/\\\/www.posestkunigunda.com\\\/\",\"name\":\"Posest Kunigunda\",\"description\":\"Ljubo doma\",\"publisher\":{\"@id\":\"https:\\\/\\\/www.posestkunigunda.com\\\/#organization\"},\"potentialAction\":[{\"@type\":\"SearchAction\",\"target\":{\"@type\":\"EntryPoint\",\"urlTemplate\":\"https:\\\/\\\/www.posestkunigunda.com\\\/?s={search_term_string}\"},\"query-input\":{\"@type\":\"PropertyValueSpecification\",\"valueRequired\":true,\"valueName\":\"search_term_string\"}}],\"inLanguage\":\"en-US\"},{\"@type\":\"Organization\",\"@id\":\"https:\\\/\\\/www.posestkunigunda.com\\\/#organization\",\"name\":\"Posest Kunigunda\",\"url\":\"https:\\\/\\\/www.posestkunigunda.com\\\/\",\"logo\":{\"@type\":\"ImageObject\",\"inLanguage\":\"en-US\",\"@id\":\"https:\\\/\\\/www.posestkunigunda.com\\\/#\\\/schema\\\/logo\\\/image\\\/\",\"url\":\"https:\\\/\\\/www.posestkunigunda.com\\\/wp-content\\\/uploads\\\/2025\\\/08\\\/1234.png\",\"contentUrl\":\"https:\\\/\\\/www.posestkunigunda.com\\\/wp-content\\\/uploads\\\/2025\\\/08\\\/1234.png\",\"width\":237,\"height\":90,\"caption\":\"Posest Kunigunda\"},\"image\":{\"@id\":\"https:\\\/\\\/www.posestkunigunda.com\\\/#\\\/schema\\\/logo\\\/image\\\/\"},\"sameAs\":[\"https:\\\/\\\/www.facebook.com\\\/posestkunigunda\",\"https:\\\/\\\/www.instagram.com\\\/posest_kunigunda\\\/\"]}]}<\/script>\n<!-- \/ Yoast SEO plugin. -->","yoast_head_json":{"title":"Retreat - Posest Kunigunda","robots":{"index":"index","follow":"follow","max-snippet":"max-snippet:-1","max-image-preview":"max-image-preview:large","max-video-preview":"max-video-preview:-1"},"canonical":"https:\/\/www.posestkunigunda.com\/en\/retreat\/","og_locale":"en_US","og_type":"article","og_title":"Retreat - Posest Kunigunda","og_description":"RetrEAT Kjer se odklop za\u010dne. Kjer zaigra srce Na Kunigundi smo \u017ee velikokrat sli\u0161ali: \u201cTo\u010dno to sem rabil.\u201d Ko ljudje pridejo k sebi \u2013 ker kon\u010dno niso ve\u010d \u201ctam za druge.\u201d Pri nas se \u010duje\u0161, umiri\u0161 in \u2013 presenetljivo \u2013 za\u010dne\u0161 spet sli\u0161at samega sebe. V\u010dasih z zvo\u010dno kopeljo. Drugi\u010d z jogo pod drevesom. V\u010dasih [&hellip;]","og_url":"https:\/\/www.posestkunigunda.com\/en\/retreat\/","og_site_name":"Posest Kunigunda","article_publisher":"https:\/\/www.facebook.com\/posestkunigunda","article_modified_time":"2025-10-08T21:14:14+00:00","twitter_card":"summary_large_image","twitter_misc":{"Est. reading time":"2 minutes"},"schema":{"@context":"https:\/\/schema.org","@graph":[{"@type":"WebPage","@id":"https:\/\/www.posestkunigunda.com\/retreat\/","url":"https:\/\/www.posestkunigunda.com\/retreat\/","name":"Retreat - Posest Kunigunda","isPartOf":{"@id":"https:\/\/www.posestkunigunda.com\/#website"},"datePublished":"2025-08-16T11:15:09+00:00","dateModified":"2025-10-08T21:14:14+00:00","breadcrumb":{"@id":"https:\/\/www.posestkunigunda.com\/retreat\/#breadcrumb"},"inLanguage":"en-US","potentialAction":[{"@type":"ReadAction","target":["https:\/\/www.posestkunigunda.com\/retreat\/"]}]},{"@type":"BreadcrumbList","@id":"https:\/\/www.posestkunigunda.com\/retreat\/#breadcrumb","itemListElement":[{"@type":"ListItem","position":1,"name":"Domov","item":"https:\/\/www.posestkunigunda.com\/"},{"@type":"ListItem","position":2,"name":"Retreat"}]},{"@type":"WebSite","@id":"https:\/\/www.posestkunigunda.com\/#website","url":"https:\/\/www.posestkunigunda.com\/","name":"Posest Kunigunda","description":"Ljubo doma","publisher":{"@id":"https:\/\/www.posestkunigunda.com\/#organization"},"potentialAction":[{"@type":"SearchAction","target":{"@type":"EntryPoint","urlTemplate":"https:\/\/www.posestkunigunda.com\/?s={search_term_string}"},"query-input":{"@type":"PropertyValueSpecification","valueRequired":true,"valueName":"search_term_string"}}],"inLanguage":"en-US"},{"@type":"Organization","@id":"https:\/\/www.posestkunigunda.com\/#organization","name":"Posest Kunigunda","url":"https:\/\/www.posestkunigunda.com\/","logo":{"@type":"ImageObject","inLanguage":"en-US","@id":"https:\/\/www.posestkunigunda.com\/#\/schema\/logo\/image\/","url":"https:\/\/www.posestkunigunda.com\/wp-content\/uploads\/2025\/08\/1234.png","contentUrl":"https:\/\/www.posestkunigunda.com\/wp-content\/uploads\/2025\/08\/1234.png","width":237,"height":90,"caption":"Posest Kunigunda"},"image":{"@id":"https:\/\/www.posestkunigunda.com\/#\/schema\/logo\/image\/"},"sameAs":["https:\/\/www.facebook.com\/posestkunigunda","https:\/\/www.instagram.com\/posest_kunigunda\/"]}]}},"_links":{"self":[{"href":"https:\/\/www.posestkunigunda.com\/en\/wp-json\/wp\/v2\/pages\/5612","targetHints":{"allow":["GET"]}}],"collection":[{"href":"https:\/\/www.posestkunigunda.com\/en\/wp-json\/wp\/v2\/pages"}],"about":[{"href":"https:\/\/www.posestkunigunda.com\/en\/wp-json\/wp\/v2\/types\/page"}],"author":[{"embeddable":true,"href":"https:\/\/www.posestkunigunda.com\/en\/wp-json\/wp\/v2\/users\/6"}],"replies":[{"embeddable":true,"href":"https:\/\/www.posestkunigunda.com\/en\/wp-json\/wp\/v2\/comments?post=5612"}],"version-history":[{"count":22,"href":"https:\/\/www.posestkunigunda.com\/en\/wp-json\/wp\/v2\/pages\/5612\/revisions"}],"predecessor-version":[{"id":7008,"href":"https:\/\/www.posestkunigunda.com\/en\/wp-json\/wp\/v2\/pages\/5612\/revisions\/7008"}],"wp:attachment":[{"href":"https:\/\/www.posestkunigunda.com\/en\/wp-json\/wp\/v2\/media?parent=5612"}],"curies":[{"name":"wp","href":"https:\/\/api.w.org\/{rel}","templated":true}]}}