{"id":5521,"date":"2025-08-16T10:05:20","date_gmt":"2025-08-16T10:05:20","guid":{"rendered":"https:\/\/www.posestkunigunda.com\/?page_id=5521"},"modified":"2026-03-23T19:54:04","modified_gmt":"2026-03-23T19:54:04","slug":"druzinska-srecanja","status":"publish","type":"page","link":"https:\/\/www.posestkunigunda.com\/en\/druzinska-srecanja\/","title":{"rendered":"Family gatherings"},"content":{"rendered":"<div data-elementor-type=\"wp-page\" data-elementor-id=\"5521\" class=\"elementor elementor-5521\" data-elementor-post-type=\"page\">\n\t\t\t\t<div class=\"elementor-element elementor-element-745e125 e-con-full e-flex e-con e-parent\" data-id=\"745e125\" data-element_type=\"container\" data-e-type=\"container\" data-settings=\"{&quot;background_background&quot;:&quot;classic&quot;}\">\n\t\t<div class=\"elementor-element elementor-element-8e9a5b1 e-flex e-con-boxed e-con e-child\" data-id=\"8e9a5b1\" data-element_type=\"container\" data-e-type=\"container\">\n\t\t\t\t\t<div class=\"e-con-inner\">\n\t\t\t\t<div class=\"elementor-element elementor-element-4776e77 elementor-widget elementor-widget-heading\" data-id=\"4776e77\" data-element_type=\"widget\" data-e-type=\"widget\" data-widget_type=\"heading.default\">\n\t\t\t\t<div class=\"elementor-widget-container\">\n\t\t\t\t\t<h2 class=\"elementor-heading-title elementor-size-default\">Family gatherings<\/h2>\t\t\t\t<\/div>\n\t\t\t\t<\/div>\n\t\t\t\t<div class=\"elementor-element elementor-element-0db3198 elementor-widget elementor-widget-text-editor\" data-id=\"0db3198\" data-element_type=\"widget\" data-e-type=\"widget\" data-widget_type=\"text-editor.default\">\n\t\t\t\t<div class=\"elementor-widget-container\">\n\t\t\t\t\t\t\t\t\t<p><span style=\"white-space-collapse: preserve;\">Confirmations, baptisms, communions, milestone birthdays, anniversaries<\/span><\/p>\t\t\t\t\t\t\t\t<\/div>\n\t\t\t\t<\/div>\n\t\t\t\t\t<\/div>\n\t\t\t\t<\/div>\n\t\t\t\t<\/div>\n\t\t<div class=\"elementor-element elementor-element-ccdfe81 e-flex e-con-boxed e-con e-parent\" data-id=\"ccdfe81\" data-element_type=\"container\" data-e-type=\"container\">\n\t\t\t\t\t<div class=\"e-con-inner\">\n\t\t\t\t<div class=\"elementor-element elementor-element-9a1ff91 elementor-widget elementor-widget-text-editor\" data-id=\"9a1ff91\" data-element_type=\"widget\" data-e-type=\"widget\" data-widget_type=\"text-editor.default\">\n\t\t\t\t<div class=\"elementor-widget-container\">\n\t\t\t\t\t\t\t\t\t<p class=\"cvGsUA direction-ltr align-start para-style-body\">When generations come together, the stories come alive again.<\/p><p class=\"cvGsUA direction-ltr align-start para-style-body\">At Kunigunda, we believe that family moments are the greatest events \u2013 even without fanfare or protocol.<br \/>Confirmations, baptisms, communions, milestone birthdays, anniversaries\u2026 days that deserve more than a standard hall and a predictable menu.<\/p><p class=\"cvGsUA direction-ltr align-start para-style-body\">That\u2019s why we\u2019ve created a space where a family lunch can turn into a late dinner \u2013 and where laughter, conversations, or dancing stretches into those beautiful hours when no one checks the time.<\/p><p class=\"cvGsUA direction-ltr align-start para-style-body\">Here, it can be gentle and ceremonial. Or playful, loud, and entirely yours \u2013 just like your family.<br \/>Take a look at our sample offers below and reach out for more information.<br \/>We\u2019ll gladly help you create a day everyone will remember.<\/p>\t\t\t\t\t\t\t\t<\/div>\n\t\t\t\t<\/div>\n\t\t\t\t\t<\/div>\n\t\t\t\t<\/div>\n\t\t<div class=\"elementor-element elementor-element-8d2cb3c e-flex e-con-boxed e-con e-parent\" data-id=\"8d2cb3c\" data-element_type=\"container\" data-e-type=\"container\">\n\t\t\t\t\t<div class=\"e-con-inner\">\n\t\t\t\t<div class=\"elementor-element elementor-element-4472761 elementor-widget elementor-widget-text-editor\" data-id=\"4472761\" data-element_type=\"widget\" data-e-type=\"widget\" data-widget_type=\"text-editor.default\">\n\t\t\t\t<div class=\"elementor-widget-container\">\n\t\t\t\t\t\t\t\t\t<p><span class=\"a_GcMg font-feature-liga-off font-feature-clig-off font-feature-calt-off text-decoration-none text-strikethrough-none\">Because here in PLAC, unforgettable Sunday lunches are born.<\/span><\/p>\t\t\t\t\t\t\t\t<\/div>\n\t\t\t\t<\/div>\n\t\t\t\t\t<\/div>\n\t\t\t\t<\/div>\n\t\t<div class=\"elementor-element elementor-element-df2b368 e-con-full e-flex e-con e-parent\" data-id=\"df2b368\" data-element_type=\"container\" data-e-type=\"container\">\n\t\t\t\t<div class=\"elementor-element elementor-element-1b3b2a7 elementor-widget elementor-widget-video\" data-id=\"1b3b2a7\" data-element_type=\"widget\" data-e-type=\"widget\" data-settings=\"{&quot;video_type&quot;:&quot;hosted&quot;,&quot;controls&quot;:&quot;yes&quot;}\" data-widget_type=\"video.default\">\n\t\t\t\t<div class=\"elementor-widget-container\">\n\t\t\t\t\t\t\t<div class=\"e-hosted-video elementor-wrapper elementor-open-inline\">\n\t\t\t\t\t<video class=\"elementor-video\" src=\"https:\/\/www.posestkunigunda.com\/wp-content\/uploads\/2025\/07\/Druzinska-srecanja-video.mp4\" controls=\"\" preload=\"metadata\" controlslist=\"nodownload\"><\/video>\n\t\t\t\t<\/div>\n\t\t\t\t\t\t<\/div>\n\t\t\t\t<\/div>\n\t\t\t\t<\/div>\n\t\t<div class=\"elementor-element elementor-element-e7086c0 e-flex e-con-boxed e-con e-parent\" data-id=\"e7086c0\" data-element_type=\"container\" data-e-type=\"container\">\n\t\t\t\t\t<div class=\"e-con-inner\">\n\t\t\t\t<div class=\"elementor-element elementor-element-ba67309 elementor-widget elementor-widget-text-editor\" data-id=\"ba67309\" data-element_type=\"widget\" data-e-type=\"widget\" data-widget_type=\"text-editor.default\">\n\t\t\t\t<div class=\"elementor-widget-container\">\n\t\t\t\t\t\t\t\t\t<p style=\"text-align: center;\">At Kunigunda, we believe family moments are the biggest milestones \u2013 even if they don\u2019t start with an orchestra.<br \/>\u2013 tudi \u010de se ne za\u010dnejo z orkestrom.<\/p>\t\t\t\t\t\t\t\t<\/div>\n\t\t\t\t<\/div>\n\t\t\t\t\t<\/div>\n\t\t\t\t<\/div>\n\t\t<div class=\"elementor-element elementor-element-f8c2603 e-con-full e-flex e-con e-parent\" data-id=\"f8c2603\" data-element_type=\"container\" data-e-type=\"container\">\n\t\t\t\t<div class=\"elementor-element elementor-element-90c4875 elementor-widget elementor-widget-video\" data-id=\"90c4875\" data-element_type=\"widget\" data-e-type=\"widget\" data-settings=\"{&quot;video_type&quot;:&quot;hosted&quot;,&quot;controls&quot;:&quot;yes&quot;}\" data-widget_type=\"video.default\">\n\t\t\t\t<div class=\"elementor-widget-container\">\n\t\t\t\t\t\t\t<div class=\"e-hosted-video elementor-wrapper elementor-open-inline\">\n\t\t\t\t\t<video class=\"elementor-video\" src=\"https:\/\/www.posestkunigunda.com\/wp-content\/uploads\/2025\/07\/Druzinska-srecanja-video-1.mp4\" controls=\"\" preload=\"metadata\" controlslist=\"nodownload\"><\/video>\n\t\t\t\t<\/div>\n\t\t\t\t\t\t<\/div>\n\t\t\t\t<\/div>\n\t\t\t\t<\/div>\n\t\t<div class=\"elementor-element elementor-element-58840c4 e-flex e-con-boxed e-con e-parent\" data-id=\"58840c4\" data-element_type=\"container\" data-e-type=\"container\" data-settings=\"{&quot;background_background&quot;:&quot;classic&quot;}\">\n\t\t\t\t\t<div class=\"e-con-inner\">\n\t\t<div class=\"elementor-element elementor-element-bf36a1a e-con-full e-flex e-con e-child\" data-id=\"bf36a1a\" data-element_type=\"container\" data-e-type=\"container\" data-settings=\"{&quot;background_background&quot;:&quot;classic&quot;}\">\n\t\t<div class=\"elementor-element elementor-element-a512bc8 e-grid e-con-full e-con e-child\" data-id=\"a512bc8\" data-element_type=\"container\" data-e-type=\"container\" data-settings=\"{&quot;background_background&quot;:&quot;classic&quot;}\">\n\t\t\t\t<div class=\"elementor-element elementor-element-d45d459 elementor-align-justify elementor-widget elementor-widget-button\" data-id=\"d45d459\" data-element_type=\"widget\" data-e-type=\"widget\" data-widget_type=\"button.default\">\n\t\t\t\t<div class=\"elementor-widget-container\">\n\t\t\t\t\t\t\t\t\t<div class=\"elementor-button-wrapper\">\n\t\t\t\t\t<a class=\"elementor-button elementor-button-link elementor-size-sm\" href=\"https:\/\/www.posestkunigunda.com\/wp-content\/uploads\/2025\/07\/Meni-Kosila-.pdf\" target=\"_blank\">\n\t\t\t\t\t\t<span class=\"elementor-button-content-wrapper\">\n\t\t\t\t\t\t\t\t\t<span class=\"elementor-button-text\">Menu-lunch<\/span>\n\t\t\t\t\t<\/span>\n\t\t\t\t\t<\/a>\n\t\t\t\t<\/div>\n\t\t\t\t\t\t\t\t<\/div>\n\t\t\t\t<\/div>\n\t\t\t\t<div class=\"elementor-element elementor-element-0ac27cf elementor-align-justify elementor-widget elementor-widget-button\" data-id=\"0ac27cf\" data-element_type=\"widget\" data-e-type=\"widget\" data-widget_type=\"button.default\">\n\t\t\t\t<div class=\"elementor-widget-container\">\n\t\t\t\t\t\t\t\t\t<div class=\"elementor-button-wrapper\">\n\t\t\t\t\t<a class=\"elementor-button elementor-button-link elementor-size-sm\" href=\"https:\/\/www.posestkunigunda.com\/wp-content\/uploads\/2026\/03\/Vinska-karta-Cenik-pijace-2026-.pdf\" target=\"_blank\">\n\t\t\t\t\t\t<span class=\"elementor-button-content-wrapper\">\n\t\t\t\t\t\t\t\t\t<span class=\"elementor-button-text\">Wine list<\/span>\n\t\t\t\t\t<\/span>\n\t\t\t\t\t<\/a>\n\t\t\t\t<\/div>\n\t\t\t\t\t\t\t\t<\/div>\n\t\t\t\t<\/div>\n\t\t\t\t<div class=\"elementor-element elementor-element-a1b838f elementor-align-justify elementor-widget elementor-widget-button\" data-id=\"a1b838f\" data-element_type=\"widget\" data-e-type=\"widget\" data-widget_type=\"button.default\">\n\t\t\t\t<div class=\"elementor-widget-container\">\n\t\t\t\t\t\t\t\t\t<div class=\"elementor-button-wrapper\">\n\t\t\t\t\t<a class=\"elementor-button elementor-button-link elementor-size-sm\" href=\"https:\/\/www.posestkunigunda.com\/en\/prostori\/\">\n\t\t\t\t\t\t<span class=\"elementor-button-content-wrapper\">\n\t\t\t\t\t\t\t\t\t<span class=\"elementor-button-text\">Spaces<\/span>\n\t\t\t\t\t<\/span>\n\t\t\t\t\t<\/a>\n\t\t\t\t<\/div>\n\t\t\t\t\t\t\t\t<\/div>\n\t\t\t\t<\/div>\n\t\t\t\t<\/div>\n\t\t\t\t<\/div>\n\t\t\t\t\t<\/div>\n\t\t\t\t<\/div>\n\t\t\t\t<\/div>","protected":false},"excerpt":{"rendered":"<p>Dru\u017einska sre\u010danja Birme, krsti, obhajila, jubileji, obletnice Ko se zberejo generacije. In zgodbe spet za\u017eivijo. Na Kunigundi verjamemo, da so dru\u017einski trenutki najve\u010dji dogodki \u2013 tudi brez fanfar in protokola.Birme, krsti, obhajila, jubileji, obletnice &#8230; dnevi, ki si zaslu\u017eijo ve\u010d kot klasi\u010den koti\u010dek in predviden meni. Zato smo ustvarili prostor, kjer lahko dru\u017einsko kosilo postane [&hellip;]<\/p>","protected":false},"author":6,"featured_media":0,"parent":0,"menu_order":0,"comment_status":"closed","ping_status":"closed","template":"","meta":{"footnotes":""},"class_list":["post-5521","page","type-page","status-publish","hentry"],"yoast_head":"<!-- This site is optimized with the Yoast SEO plugin v27.4 - https:\/\/yoast.com\/product\/yoast-seo-wordpress\/ -->\n<title>Dru\u017einska sre\u010danja - Posest Kunigunda<\/title>\n<meta name=\"robots\" content=\"index, follow, max-snippet:-1, max-image-preview:large, max-video-preview:-1\" \/>\n<link rel=\"canonical\" href=\"https:\/\/www.posestkunigunda.com\/en\/druzinska-srecanja\/\" \/>\n<meta property=\"og:locale\" content=\"en_US\" \/>\n<meta property=\"og:type\" content=\"article\" \/>\n<meta property=\"og:title\" content=\"Dru\u017einska sre\u010danja - Posest Kunigunda\" \/>\n<meta property=\"og:description\" content=\"Dru\u017einska sre\u010danja Birme, krsti, obhajila, jubileji, obletnice Ko se zberejo generacije. In zgodbe spet za\u017eivijo. Na Kunigundi verjamemo, da so dru\u017einski trenutki najve\u010dji dogodki \u2013 tudi brez fanfar in protokola.Birme, krsti, obhajila, jubileji, obletnice &#8230; dnevi, ki si zaslu\u017eijo ve\u010d kot klasi\u010den koti\u010dek in predviden meni. Zato smo ustvarili prostor, kjer lahko dru\u017einsko kosilo postane [&hellip;]\" \/>\n<meta property=\"og:url\" content=\"https:\/\/www.posestkunigunda.com\/en\/druzinska-srecanja\/\" \/>\n<meta property=\"og:site_name\" content=\"Posest Kunigunda\" \/>\n<meta property=\"article:publisher\" content=\"https:\/\/www.facebook.com\/posestkunigunda\" \/>\n<meta property=\"article:modified_time\" content=\"2026-03-23T19:54:04+00:00\" \/>\n<meta name=\"twitter:card\" content=\"summary_large_image\" \/>\n<meta name=\"twitter:label1\" content=\"Est. reading time\" \/>\n\t<meta name=\"twitter:data1\" content=\"1 minute\" \/>\n<script type=\"application\/ld+json\" class=\"yoast-schema-graph\">{\"@context\":\"https:\\\/\\\/schema.org\",\"@graph\":[{\"@type\":\"WebPage\",\"@id\":\"https:\\\/\\\/www.posestkunigunda.com\\\/druzinska-srecanja\\\/\",\"url\":\"https:\\\/\\\/www.posestkunigunda.com\\\/druzinska-srecanja\\\/\",\"name\":\"Dru\u017einska sre\u010danja - Posest Kunigunda\",\"isPartOf\":{\"@id\":\"https:\\\/\\\/www.posestkunigunda.com\\\/#website\"},\"datePublished\":\"2025-08-16T10:05:20+00:00\",\"dateModified\":\"2026-03-23T19:54:04+00:00\",\"breadcrumb\":{\"@id\":\"https:\\\/\\\/www.posestkunigunda.com\\\/druzinska-srecanja\\\/#breadcrumb\"},\"inLanguage\":\"en-US\",\"potentialAction\":[{\"@type\":\"ReadAction\",\"target\":[\"https:\\\/\\\/www.posestkunigunda.com\\\/druzinska-srecanja\\\/\"]}]},{\"@type\":\"BreadcrumbList\",\"@id\":\"https:\\\/\\\/www.posestkunigunda.com\\\/druzinska-srecanja\\\/#breadcrumb\",\"itemListElement\":[{\"@type\":\"ListItem\",\"position\":1,\"name\":\"Domov\",\"item\":\"https:\\\/\\\/www.posestkunigunda.com\\\/\"},{\"@type\":\"ListItem\",\"position\":2,\"name\":\"Dru\u017einska sre\u010danja\"}]},{\"@type\":\"WebSite\",\"@id\":\"https:\\\/\\\/www.posestkunigunda.com\\\/#website\",\"url\":\"https:\\\/\\\/www.posestkunigunda.com\\\/\",\"name\":\"Posest Kunigunda\",\"description\":\"Ljubo doma\",\"publisher\":{\"@id\":\"https:\\\/\\\/www.posestkunigunda.com\\\/#organization\"},\"potentialAction\":[{\"@type\":\"SearchAction\",\"target\":{\"@type\":\"EntryPoint\",\"urlTemplate\":\"https:\\\/\\\/www.posestkunigunda.com\\\/?s={search_term_string}\"},\"query-input\":{\"@type\":\"PropertyValueSpecification\",\"valueRequired\":true,\"valueName\":\"search_term_string\"}}],\"inLanguage\":\"en-US\"},{\"@type\":\"Organization\",\"@id\":\"https:\\\/\\\/www.posestkunigunda.com\\\/#organization\",\"name\":\"Posest Kunigunda\",\"url\":\"https:\\\/\\\/www.posestkunigunda.com\\\/\",\"logo\":{\"@type\":\"ImageObject\",\"inLanguage\":\"en-US\",\"@id\":\"https:\\\/\\\/www.posestkunigunda.com\\\/#\\\/schema\\\/logo\\\/image\\\/\",\"url\":\"https:\\\/\\\/www.posestkunigunda.com\\\/wp-content\\\/uploads\\\/2025\\\/08\\\/1234.png\",\"contentUrl\":\"https:\\\/\\\/www.posestkunigunda.com\\\/wp-content\\\/uploads\\\/2025\\\/08\\\/1234.png\",\"width\":237,\"height\":90,\"caption\":\"Posest Kunigunda\"},\"image\":{\"@id\":\"https:\\\/\\\/www.posestkunigunda.com\\\/#\\\/schema\\\/logo\\\/image\\\/\"},\"sameAs\":[\"https:\\\/\\\/www.facebook.com\\\/posestkunigunda\",\"https:\\\/\\\/www.instagram.com\\\/posest_kunigunda\\\/\"]}]}<\/script>\n<!-- \/ Yoast SEO plugin. -->","yoast_head_json":{"title":"Dru\u017einska sre\u010danja - Posest Kunigunda","robots":{"index":"index","follow":"follow","max-snippet":"max-snippet:-1","max-image-preview":"max-image-preview:large","max-video-preview":"max-video-preview:-1"},"canonical":"https:\/\/www.posestkunigunda.com\/en\/druzinska-srecanja\/","og_locale":"en_US","og_type":"article","og_title":"Dru\u017einska sre\u010danja - Posest Kunigunda","og_description":"Dru\u017einska sre\u010danja Birme, krsti, obhajila, jubileji, obletnice Ko se zberejo generacije. In zgodbe spet za\u017eivijo. Na Kunigundi verjamemo, da so dru\u017einski trenutki najve\u010dji dogodki \u2013 tudi brez fanfar in protokola.Birme, krsti, obhajila, jubileji, obletnice &#8230; dnevi, ki si zaslu\u017eijo ve\u010d kot klasi\u010den koti\u010dek in predviden meni. Zato smo ustvarili prostor, kjer lahko dru\u017einsko kosilo postane [&hellip;]","og_url":"https:\/\/www.posestkunigunda.com\/en\/druzinska-srecanja\/","og_site_name":"Posest Kunigunda","article_publisher":"https:\/\/www.facebook.com\/posestkunigunda","article_modified_time":"2026-03-23T19:54:04+00:00","twitter_card":"summary_large_image","twitter_misc":{"Est. reading time":"1 minute"},"schema":{"@context":"https:\/\/schema.org","@graph":[{"@type":"WebPage","@id":"https:\/\/www.posestkunigunda.com\/druzinska-srecanja\/","url":"https:\/\/www.posestkunigunda.com\/druzinska-srecanja\/","name":"Dru\u017einska sre\u010danja - Posest Kunigunda","isPartOf":{"@id":"https:\/\/www.posestkunigunda.com\/#website"},"datePublished":"2025-08-16T10:05:20+00:00","dateModified":"2026-03-23T19:54:04+00:00","breadcrumb":{"@id":"https:\/\/www.posestkunigunda.com\/druzinska-srecanja\/#breadcrumb"},"inLanguage":"en-US","potentialAction":[{"@type":"ReadAction","target":["https:\/\/www.posestkunigunda.com\/druzinska-srecanja\/"]}]},{"@type":"BreadcrumbList","@id":"https:\/\/www.posestkunigunda.com\/druzinska-srecanja\/#breadcrumb","itemListElement":[{"@type":"ListItem","position":1,"name":"Domov","item":"https:\/\/www.posestkunigunda.com\/"},{"@type":"ListItem","position":2,"name":"Dru\u017einska sre\u010danja"}]},{"@type":"WebSite","@id":"https:\/\/www.posestkunigunda.com\/#website","url":"https:\/\/www.posestkunigunda.com\/","name":"Posest Kunigunda","description":"Ljubo doma","publisher":{"@id":"https:\/\/www.posestkunigunda.com\/#organization"},"potentialAction":[{"@type":"SearchAction","target":{"@type":"EntryPoint","urlTemplate":"https:\/\/www.posestkunigunda.com\/?s={search_term_string}"},"query-input":{"@type":"PropertyValueSpecification","valueRequired":true,"valueName":"search_term_string"}}],"inLanguage":"en-US"},{"@type":"Organization","@id":"https:\/\/www.posestkunigunda.com\/#organization","name":"Posest Kunigunda","url":"https:\/\/www.posestkunigunda.com\/","logo":{"@type":"ImageObject","inLanguage":"en-US","@id":"https:\/\/www.posestkunigunda.com\/#\/schema\/logo\/image\/","url":"https:\/\/www.posestkunigunda.com\/wp-content\/uploads\/2025\/08\/1234.png","contentUrl":"https:\/\/www.posestkunigunda.com\/wp-content\/uploads\/2025\/08\/1234.png","width":237,"height":90,"caption":"Posest Kunigunda"},"image":{"@id":"https:\/\/www.posestkunigunda.com\/#\/schema\/logo\/image\/"},"sameAs":["https:\/\/www.facebook.com\/posestkunigunda","https:\/\/www.instagram.com\/posest_kunigunda\/"]}]}},"_links":{"self":[{"href":"https:\/\/www.posestkunigunda.com\/en\/wp-json\/wp\/v2\/pages\/5521","targetHints":{"allow":["GET"]}}],"collection":[{"href":"https:\/\/www.posestkunigunda.com\/en\/wp-json\/wp\/v2\/pages"}],"about":[{"href":"https:\/\/www.posestkunigunda.com\/en\/wp-json\/wp\/v2\/types\/page"}],"author":[{"embeddable":true,"href":"https:\/\/www.posestkunigunda.com\/en\/wp-json\/wp\/v2\/users\/6"}],"replies":[{"embeddable":true,"href":"https:\/\/www.posestkunigunda.com\/en\/wp-json\/wp\/v2\/comments?post=5521"}],"version-history":[{"count":36,"href":"https:\/\/www.posestkunigunda.com\/en\/wp-json\/wp\/v2\/pages\/5521\/revisions"}],"predecessor-version":[{"id":7475,"href":"https:\/\/www.posestkunigunda.com\/en\/wp-json\/wp\/v2\/pages\/5521\/revisions\/7475"}],"wp:attachment":[{"href":"https:\/\/www.posestkunigunda.com\/en\/wp-json\/wp\/v2\/media?parent=5521"}],"curies":[{"name":"wp","href":"https:\/\/api.w.org\/{rel}","templated":true}]}}