{"id":3176,"date":"2024-07-12T07:10:37","date_gmt":"2024-07-12T07:10:37","guid":{"rendered":"https:\/\/posestkunigunda.forwardapps.si\/?page_id=3176"},"modified":"2024-07-12T07:13:26","modified_gmt":"2024-07-12T07:13:26","slug":"politika-zasebnosti-za-spletno-stran","status":"publish","type":"page","link":"https:\/\/www.posestkunigunda.com\/en\/politika-zasebnosti-za-spletno-stran\/","title":{"rendered":"Politika zasebnosti za spletno stran"},"content":{"rendered":"<p>Politika zasebnosti<\/p>\n\n\n\n<p>Upravljavec osebnih podatkov: Pinocchio d.o.o., Gosposka ulica 1, 3000 Celje. Poobla\u0161\u010dena oseba za varstvo osebnih podatkov: info@posestkunigunda.com<\/p>\n\n\n\n<p>\u010ce ste obiskovalec spletne strani<br>Ko obi\u0161\u010dete na\u0161o spletno stran, za kratek \u010das, najdlje pa do konca seje, shranimo va\u0161 IP naslov. \u010ce na\u0161 sistem ugotovi, da ne izvajate nobenih dejavnosti, ki bi ogrozile delovanje na\u0161e spletne strani, se ta podatek samodejno izbri\u0161e.<\/p>\n\n\n\n<p>V primeru, da na\u0161 sistem ugotovi, da izvajate aktivnosti, ki so o\u010ditno nezakonite ali o\u010ditno uperjene v smer onemogo\u010danja delovanja spletne strani, se va\u0161 IP naslov shrani trajno in ga na\u0161 sistem uvrsti na \u010drno listo IP naslovov (\u201cblock list\u201c) in vam posledi\u010dno onemogo\u010di nadaljnjo uporabo spletne strani.<\/p>\n\n\n\n<p>Podrobneje<br>Pravni temelji za obdelavo osebnih podatkov: na podlagi lastnega zakonitega interesa (6(1)f \u010dlen GDPR) upravljavec osebne podatke obdeluje tudi za namen varnosti spletne strani in prepre\u010devanju nezakonitih aktivnosti na njej (denimo vdorov, spro\u017eanja nezakonitih ukazov ipd.).<\/p>\n\n\n\n<p>Kategorije uporabnikov: ponudnik gostovanja spletne strani in ponudnik varnostnih re\u0161itev. Uporabniki osebne podatke obdelujejo izklju\u010dno po navodilih in pod nadzorom upravljavca.<\/p>\n\n\n\n<p>Osebni podatki se izna\u0161ajo v ZDA na podlagi standardnih pogodbenih klavzul, potrjenih z Izvedbenim sklepom Komisije (EU) 2021\/914.<\/p>\n\n\n\n<p>Rok hrambe: najdlje do konca seje (splo\u0161no pravilo) oz. trajno (za primere poskusa zlorab).<\/p>\n\n\n\n<p>Pravice posameznikov: ugovor, dostop do podatkov, popravek, omejitev obdelave. Pravice je mogo\u010de uveljavljati s pisno vlogo, poslano na naslov upravljavca.<\/p>\n\n\n\n<p>Mo\u017enost prito\u017ebe: zoper ravnanje upravljavca v zvezi z varstvom osebnih podatkov je mogo\u010da prito\u017eba oziroma prijava pri Informacijskem poobla\u0161\u010dencu RS.<\/p>\n\n\n\n<p>\u010ce se prijavite na na\u0161e e-novice<br>Veseli bomo, \u010de ostanete v kontaktu z nami prek e-po\u0161te. Ker tudi mi sovra\u017eimo spam, obljubimo, da bomo pri po\u0161iljanju na\u0161ih ponudb skrbni in vas z njimi \u010dim manj obremenjevali.<\/p>\n\n\n\n<p>Od prejemanja e-novic se lahko kadarkoli odjavite tako, da nas o tem obvestite po e-po\u0161ti info@posestkunigunda.com<\/p>\n\n\n\n<p>Podrobneje<br>Pravni temelji za obdelavo osebnih podatkov: osebna privolitev, ki se lahko kadarkoli prekli\u010de (6(1)a) \u010dlen GDPR) s klikom na povezavo v prejetem e-sporo\u010dilu. Na podlagi lastnega zakonitega interesa (6(1)f \u010dlen GDPR) upravljavec osebne podatke obdeluje tudi za namen na\u010drtovanja delovnega procesa, zalog in kapacitet, ter izbolj\u0161evanje ponudbe in optimiziranje storitev.<\/p>\n\n\n\n<p>Kategorije uporabnikov: vzdr\u017eevalci spletne strani, ponudniki orodij za tr\u017eenje, marketin\u0161ke agencije, zunanji izvajalci kori\u0161\u010denih storitev. Uporabniki osebne podatke obdelujejo izklju\u010dno po navodilih in pod nadzorom upravljavca.<\/p>\n\n\n\n<p>Osebni podatki se izna\u0161ajo v ZDA na podlagi standardnih pogodbenih klavzul, potrjenih z Izvedbenim sklepom Komisije (EU) 2021\/914.<\/p>\n\n\n\n<p>Rok hrambe: do preklica privolitve.<\/p>\n\n\n\n<p>Pravice posameznikov: preklic privolitve oz. ugovor, dostop do podatkov, popravek, izbris, omejitev obdelave, prenosljivost. Pravice je mogo\u010de uveljavljati s pisno vlogo, poslano na naslov upravljavca. Odjava od e-novic (preklic privolitve oziroma ugovor) je mo\u017ena kadarkoli, tako, da nam pi\u0161ete na e<br>naslov info@posestkunigunda.com.<\/p>\n\n\n\n<p>Mo\u017enost prito\u017ebe: Zoper ravnanje upravljavca v zvezi z varstvom osebnih podatkov je mogo\u010da prito\u017eba oziroma prijava pri Informacijskem poobla\u0161\u010dencu RS.<\/p>\n\n\n\n<p>\u010ce nas kontaktirate prek spleta<br>Va\u0161e osebne podatke bomo na podlagi zakonitega interesa (komuniciranje s strankami in javnostjo: \u010dlen 6(1)f GDPR) uporabili za namen odgovora na va\u0161e vpra\u0161anje oz. poizvedbo. Va\u0161e osebne podatke bomo hranili do zaklju\u010dka na\u0161e komunikacije, nato jih bomo izbrisali. \u010ce se boste odlo\u010dili za kasnej\u0161e sodelovanje z nami, bomo uporabili drugo ustrezno pravno podlago (kot je npr. izvajanje pogodbe, o \u010demer vas bomo tudi posebej obvestili). Va\u0161e osebne podatke bo lahko obdeloval tudi na\u0161 obdelovalec, pri katerem spletna stran gostuje in s katerim ima upravljavec sklenjeno pogodbo o<\/p>\n\n\n\n<p><\/p>\n\n\n\n<p><\/p>","protected":false},"excerpt":{"rendered":"<p>Politika zasebnosti Upravljavec osebnih podatkov: Pinocchio d.o.o., Gosposka ulica 1, 3000 Celje. Poobla\u0161\u010dena oseba za varstvo osebnih podatkov: info@posestkunigunda.com \u010ce ste obiskovalec spletne straniKo obi\u0161\u010dete na\u0161o spletno stran, za kratek \u010das, najdlje pa do konca seje, shranimo va\u0161 IP naslov. \u010ce na\u0161 sistem ugotovi, da ne izvajate nobenih dejavnosti, ki bi ogrozile delovanje na\u0161e spletne [&hellip;]<\/p>","protected":false},"author":16,"featured_media":0,"parent":0,"menu_order":0,"comment_status":"closed","ping_status":"closed","template":"","meta":{"footnotes":""},"class_list":["post-3176","page","type-page","status-publish","hentry"],"yoast_head":"<!-- This site is optimized with the Yoast SEO plugin v27.5 - https:\/\/yoast.com\/product\/yoast-seo-wordpress\/ -->\n<title>Politika zasebnosti za spletno stran - Posest Kunigunda<\/title>\n<meta name=\"robots\" content=\"index, follow, max-snippet:-1, max-image-preview:large, max-video-preview:-1\" \/>\n<link rel=\"canonical\" href=\"https:\/\/www.posestkunigunda.com\/en\/politika-zasebnosti-za-spletno-stran\/\" \/>\n<meta property=\"og:locale\" content=\"en_US\" \/>\n<meta property=\"og:type\" content=\"article\" \/>\n<meta property=\"og:title\" content=\"Politika zasebnosti za spletno stran - Posest Kunigunda\" \/>\n<meta property=\"og:description\" content=\"Politika zasebnosti Upravljavec osebnih podatkov: Pinocchio d.o.o., Gosposka ulica 1, 3000 Celje. Poobla\u0161\u010dena oseba za varstvo osebnih podatkov: info@posestkunigunda.com \u010ce ste obiskovalec spletne straniKo obi\u0161\u010dete na\u0161o spletno stran, za kratek \u010das, najdlje pa do konca seje, shranimo va\u0161 IP naslov. \u010ce na\u0161 sistem ugotovi, da ne izvajate nobenih dejavnosti, ki bi ogrozile delovanje na\u0161e spletne [&hellip;]\" \/>\n<meta property=\"og:url\" content=\"https:\/\/www.posestkunigunda.com\/en\/politika-zasebnosti-za-spletno-stran\/\" \/>\n<meta property=\"og:site_name\" content=\"Posest Kunigunda\" \/>\n<meta property=\"article:publisher\" content=\"https:\/\/www.facebook.com\/posestkunigunda\" \/>\n<meta property=\"article:modified_time\" content=\"2024-07-12T07:13:26+00:00\" \/>\n<meta name=\"twitter:card\" content=\"summary_large_image\" \/>\n<meta name=\"twitter:label1\" content=\"Est. reading time\" \/>\n\t<meta name=\"twitter:data1\" content=\"4 minutes\" \/>\n<script type=\"application\/ld+json\" class=\"yoast-schema-graph\">{\"@context\":\"https:\\\/\\\/schema.org\",\"@graph\":[{\"@type\":\"WebPage\",\"@id\":\"https:\\\/\\\/www.posestkunigunda.com\\\/politika-zasebnosti-za-spletno-stran\\\/\",\"url\":\"https:\\\/\\\/www.posestkunigunda.com\\\/politika-zasebnosti-za-spletno-stran\\\/\",\"name\":\"Politika zasebnosti za spletno stran - Posest Kunigunda\",\"isPartOf\":{\"@id\":\"https:\\\/\\\/www.posestkunigunda.com\\\/#website\"},\"datePublished\":\"2024-07-12T07:10:37+00:00\",\"dateModified\":\"2024-07-12T07:13:26+00:00\",\"breadcrumb\":{\"@id\":\"https:\\\/\\\/www.posestkunigunda.com\\\/politika-zasebnosti-za-spletno-stran\\\/#breadcrumb\"},\"inLanguage\":\"en-US\",\"potentialAction\":[{\"@type\":\"ReadAction\",\"target\":[\"https:\\\/\\\/www.posestkunigunda.com\\\/politika-zasebnosti-za-spletno-stran\\\/\"]}]},{\"@type\":\"BreadcrumbList\",\"@id\":\"https:\\\/\\\/www.posestkunigunda.com\\\/politika-zasebnosti-za-spletno-stran\\\/#breadcrumb\",\"itemListElement\":[{\"@type\":\"ListItem\",\"position\":1,\"name\":\"Domov\",\"item\":\"https:\\\/\\\/www.posestkunigunda.com\\\/\"},{\"@type\":\"ListItem\",\"position\":2,\"name\":\"Politika zasebnosti za spletno stran\"}]},{\"@type\":\"WebSite\",\"@id\":\"https:\\\/\\\/www.posestkunigunda.com\\\/#website\",\"url\":\"https:\\\/\\\/www.posestkunigunda.com\\\/\",\"name\":\"Posest Kunigunda\",\"description\":\"Ljubo doma\",\"publisher\":{\"@id\":\"https:\\\/\\\/www.posestkunigunda.com\\\/#organization\"},\"potentialAction\":[{\"@type\":\"SearchAction\",\"target\":{\"@type\":\"EntryPoint\",\"urlTemplate\":\"https:\\\/\\\/www.posestkunigunda.com\\\/?s={search_term_string}\"},\"query-input\":{\"@type\":\"PropertyValueSpecification\",\"valueRequired\":true,\"valueName\":\"search_term_string\"}}],\"inLanguage\":\"en-US\"},{\"@type\":\"Organization\",\"@id\":\"https:\\\/\\\/www.posestkunigunda.com\\\/#organization\",\"name\":\"Posest Kunigunda\",\"url\":\"https:\\\/\\\/www.posestkunigunda.com\\\/\",\"logo\":{\"@type\":\"ImageObject\",\"inLanguage\":\"en-US\",\"@id\":\"https:\\\/\\\/www.posestkunigunda.com\\\/#\\\/schema\\\/logo\\\/image\\\/\",\"url\":\"https:\\\/\\\/www.posestkunigunda.com\\\/wp-content\\\/uploads\\\/2025\\\/08\\\/1234.png\",\"contentUrl\":\"https:\\\/\\\/www.posestkunigunda.com\\\/wp-content\\\/uploads\\\/2025\\\/08\\\/1234.png\",\"width\":237,\"height\":90,\"caption\":\"Posest Kunigunda\"},\"image\":{\"@id\":\"https:\\\/\\\/www.posestkunigunda.com\\\/#\\\/schema\\\/logo\\\/image\\\/\"},\"sameAs\":[\"https:\\\/\\\/www.facebook.com\\\/posestkunigunda\",\"https:\\\/\\\/www.instagram.com\\\/posest_kunigunda\\\/\"]}]}<\/script>\n<!-- \/ Yoast SEO plugin. -->","yoast_head_json":{"title":"Politika zasebnosti za spletno stran - Posest Kunigunda","robots":{"index":"index","follow":"follow","max-snippet":"max-snippet:-1","max-image-preview":"max-image-preview:large","max-video-preview":"max-video-preview:-1"},"canonical":"https:\/\/www.posestkunigunda.com\/en\/politika-zasebnosti-za-spletno-stran\/","og_locale":"en_US","og_type":"article","og_title":"Politika zasebnosti za spletno stran - Posest Kunigunda","og_description":"Politika zasebnosti Upravljavec osebnih podatkov: Pinocchio d.o.o., Gosposka ulica 1, 3000 Celje. Poobla\u0161\u010dena oseba za varstvo osebnih podatkov: info@posestkunigunda.com \u010ce ste obiskovalec spletne straniKo obi\u0161\u010dete na\u0161o spletno stran, za kratek \u010das, najdlje pa do konca seje, shranimo va\u0161 IP naslov. \u010ce na\u0161 sistem ugotovi, da ne izvajate nobenih dejavnosti, ki bi ogrozile delovanje na\u0161e spletne [&hellip;]","og_url":"https:\/\/www.posestkunigunda.com\/en\/politika-zasebnosti-za-spletno-stran\/","og_site_name":"Posest Kunigunda","article_publisher":"https:\/\/www.facebook.com\/posestkunigunda","article_modified_time":"2024-07-12T07:13:26+00:00","twitter_card":"summary_large_image","twitter_misc":{"Est. reading time":"4 minutes"},"schema":{"@context":"https:\/\/schema.org","@graph":[{"@type":"WebPage","@id":"https:\/\/www.posestkunigunda.com\/politika-zasebnosti-za-spletno-stran\/","url":"https:\/\/www.posestkunigunda.com\/politika-zasebnosti-za-spletno-stran\/","name":"Politika zasebnosti za spletno stran - Posest Kunigunda","isPartOf":{"@id":"https:\/\/www.posestkunigunda.com\/#website"},"datePublished":"2024-07-12T07:10:37+00:00","dateModified":"2024-07-12T07:13:26+00:00","breadcrumb":{"@id":"https:\/\/www.posestkunigunda.com\/politika-zasebnosti-za-spletno-stran\/#breadcrumb"},"inLanguage":"en-US","potentialAction":[{"@type":"ReadAction","target":["https:\/\/www.posestkunigunda.com\/politika-zasebnosti-za-spletno-stran\/"]}]},{"@type":"BreadcrumbList","@id":"https:\/\/www.posestkunigunda.com\/politika-zasebnosti-za-spletno-stran\/#breadcrumb","itemListElement":[{"@type":"ListItem","position":1,"name":"Domov","item":"https:\/\/www.posestkunigunda.com\/"},{"@type":"ListItem","position":2,"name":"Politika zasebnosti za spletno stran"}]},{"@type":"WebSite","@id":"https:\/\/www.posestkunigunda.com\/#website","url":"https:\/\/www.posestkunigunda.com\/","name":"Posest Kunigunda","description":"Ljubo doma","publisher":{"@id":"https:\/\/www.posestkunigunda.com\/#organization"},"potentialAction":[{"@type":"SearchAction","target":{"@type":"EntryPoint","urlTemplate":"https:\/\/www.posestkunigunda.com\/?s={search_term_string}"},"query-input":{"@type":"PropertyValueSpecification","valueRequired":true,"valueName":"search_term_string"}}],"inLanguage":"en-US"},{"@type":"Organization","@id":"https:\/\/www.posestkunigunda.com\/#organization","name":"Posest Kunigunda","url":"https:\/\/www.posestkunigunda.com\/","logo":{"@type":"ImageObject","inLanguage":"en-US","@id":"https:\/\/www.posestkunigunda.com\/#\/schema\/logo\/image\/","url":"https:\/\/www.posestkunigunda.com\/wp-content\/uploads\/2025\/08\/1234.png","contentUrl":"https:\/\/www.posestkunigunda.com\/wp-content\/uploads\/2025\/08\/1234.png","width":237,"height":90,"caption":"Posest Kunigunda"},"image":{"@id":"https:\/\/www.posestkunigunda.com\/#\/schema\/logo\/image\/"},"sameAs":["https:\/\/www.facebook.com\/posestkunigunda","https:\/\/www.instagram.com\/posest_kunigunda\/"]}]}},"_links":{"self":[{"href":"https:\/\/www.posestkunigunda.com\/en\/wp-json\/wp\/v2\/pages\/3176","targetHints":{"allow":["GET"]}}],"collection":[{"href":"https:\/\/www.posestkunigunda.com\/en\/wp-json\/wp\/v2\/pages"}],"about":[{"href":"https:\/\/www.posestkunigunda.com\/en\/wp-json\/wp\/v2\/types\/page"}],"author":[{"embeddable":true,"href":"https:\/\/www.posestkunigunda.com\/en\/wp-json\/wp\/v2\/users\/16"}],"replies":[{"embeddable":true,"href":"https:\/\/www.posestkunigunda.com\/en\/wp-json\/wp\/v2\/comments?post=3176"}],"version-history":[{"count":3,"href":"https:\/\/www.posestkunigunda.com\/en\/wp-json\/wp\/v2\/pages\/3176\/revisions"}],"predecessor-version":[{"id":3180,"href":"https:\/\/www.posestkunigunda.com\/en\/wp-json\/wp\/v2\/pages\/3176\/revisions\/3180"}],"wp:attachment":[{"href":"https:\/\/www.posestkunigunda.com\/en\/wp-json\/wp\/v2\/media?parent=3176"}],"curies":[{"name":"wp","href":"https:\/\/api.w.org\/{rel}","templated":true}]}}