{"id":3168,"date":"2024-07-12T06:57:44","date_gmt":"2024-07-12T06:57:44","guid":{"rendered":"https:\/\/posestkunigunda.forwardapps.si\/?page_id=3168"},"modified":"2024-07-12T07:03:02","modified_gmt":"2024-07-12T07:03:02","slug":"splosni-pogoji-poslovanja","status":"publish","type":"page","link":"https:\/\/www.posestkunigunda.com\/en\/splosni-pogoji-poslovanja\/","title":{"rendered":"Splo\u0161ni pogoji poslovanja"},"content":{"rendered":"<p>Na na\u0161i spletni strani nudimo ve\u010d na\u010dinov rezervacij namestitvenih kapacitet. Prvi je preko e- sporo\u010dila, s katerim nam uporabnik posreduje povpra\u0161evanje, mi pa posredujemo ponudbo. Samo povpra\u0161evanje \u0161e ne \u0161teje za potrjeno rezervacijo, saj je bistveni pogoj za veljavnost potrditev na\u0161e poslane ponudbe s strani uporabnika oz. kupca. V primeru, da v dogovorjenem roku ne prejmemo potrditve ponudbe, se \u0161teje, da rezervacija ni bila naro\u010dena. Kot potrditev rezervacije se \u0161teje pla\u010dilo, ki ga je mo\u017eno izvesti s pla\u010dilom preko ban\u010dne kartice ali z ban\u010dnim nakazilom. V na\u0161em rezervacijskem sistemu je mo\u017eno opraviti tudi neposredno rezervacijo, pri \u010demer kupec kot zagotovilo vnese podatke o veljavni kreditni kartici ali izvede pla\u010dilo s kreditno kartico preko spleta. V tem primeru bo rezervacija potrjena takoj, ko kupec dokon\u010dno potrdi vnos veljavne kreditne kartice ali izvede postopek pla\u010dila. V primeru rezervacij in pla\u010dila prek spleta \u0161teje, da je uporabnik oz. kupec prebral te Splo\u0161ne pogoje in da se z njimi strinja.<\/p>\n\n\n\n<p><\/p>\n\n\n\n<p><strong>Politika odpovedi rezervacij<\/strong> <\/p>\n\n\n\n<p>Politika odpovedi je odvisna od vrste ponudbe, ki jo je gost sprejel v postopku rezervacije. Rezervacija se lahko prekli\u010de brez stro\u0161kov do 20 dni pred prihodom in v tem primeru bo predpla\u010dilo povrnjeno 7 dneh od prijave odpovedi na kreditno kartico, s katero je bila narejena rezervacija. V primeru odpovedi rezervacije po tem roku (manj kot 20 dni pred prihodom) ali \u010de se gost sploh ne pojavi v objektu na dan dogovorjenega prihoda, nastanitev obdr\u017ei znesek predpla\u010dila. V primeru vi\u0161je sile (potrebno verodostojno dokazilo) je depozit mo\u017eno uporabiti za novo rezervacijo (odvisno od razpolo\u017eljivosti).<\/p>\n\n\n\n<p><\/p>\n\n\n\n<p><strong>REZERVACIJA PROSTOROV NA POSESTI KUNIGUNDA:<\/strong> <\/p>\n\n\n\n<p>Za potrditev rezervacije prostora je potrebno 50 % pla\u010dilo najema prostora. Mo\u017eno je pla\u010dilo z ban\u010dno kartico ali pla\u010dilo po predra\u010dunu. V kolikor bi \u017eeleli znesek poravnati po predra\u010dunu nas o tem obvestite na elektronski naslov info@posestkunigunda.com. Pravne osebe lahko izvedejo rezervacijo z naro\u010dilnico ali pisno potrditvijo rezervacije na e- naslov info@posestkunigunda.com Preostanek pla\u010dila je potrebno poravnati vsaj 3 dni pred dogodkom.<\/p>\n\n\n\n<p><\/p>\n\n\n\n<p><strong>Politika odpovedi rezervacij <\/strong><\/p>\n\n\n\n<p>Najemojemalec je dol\u017ean pla\u010dati dolo\u010den odstotek od cene najema, v kolikor odstopi od najemne pogodbe:<\/p>\n\n\n\n<p> -do 90 dni pred datumom najema 60% <\/p>\n\n\n\n<p>-do 60 dni pred datumom najema 70%<\/p>\n\n\n\n<p> -do 30 dni pred datumom najema 80% <\/p>\n\n\n\n<p>-do 10 dni pred datumom najema 90% <\/p>\n\n\n\n<p>V primeru vi\u0161je sile (potrebno verodostojno dokazilo) je depozit mo\u017eno uporabiti za novo rezervacijo (odvisno od razpolo\u017eljivosti).<\/p>\n\n\n\n<p><\/p>\n\n\n\n<p><strong>OBVEZNA DOPLA\u010cILA <\/strong><\/p>\n\n\n\n<p>Turisti\u010dna taksa ni vklju\u010deno v ceno in jo je potrebno pla\u010dati med bivanjem. Vi\u0161ina turisti\u010dne takse je 2,50 eur na odraslo osebo na dan in 1,25 eur za otroke od 7 do 18 let. Otroci do dopolnjenega 7 leta starosti so opro\u0161\u010deni pla\u010dila turisti\u010dne takse.<\/p>\n\n\n\n<p><\/p>\n\n\n\n<p><strong>REZERVACIJA DOGODKA NA POSESTI KUNIGUNDA <\/strong><\/p>\n\n\n\n<p><strong>Prijava <\/strong><\/p>\n\n\n\n<p>Z vnosom podatkov v spletno prijavnico stranka potrdi svojo udele\u017ebo na razpisanem dogodku. Na razpisan dogodek se je mo\u017eno prijaviti do zapolnitve prostega \u0161tevila mest. Udele\u017eenec pridobi pravico do udele\u017ebe na dogodek s potrdilom o vpla\u010dilu kotizacije. V kolikor se na dogodek prijavi ve\u010d udele\u017eencev od predvidenega prostega \u0161tevila mest, ima prednost udele\u017eenec, ki se je prijavil prvi (vrstni red glede na \u010das prijave). Preostali udele\u017eenci se lahko po dogovoru z organizatorjem odlo\u010dijo za udele\u017ebo v naslednjem predvidenem terminu dogodka ali za vra\u010dilo zneska kotizacije. Prijavljeni udele\u017eenec bo o tem pravo\u010dasno obve\u0161\u010den.<\/p>\n\n\n\n<p><\/p>\n\n\n\n<p><strong>Na\u010din pla\u010dila<br><\/strong>Na\u010din pla\u010dila je karti\u010dno pla\u010dilo ali z darilnim bonom Posesti Kunigunda. Cena udele\u017ebe se razlikuje glede na izbor dogodka. Ra\u010dun boste v elektronski obliki prejeli na va\u0161 e-po\u0161tni naslov.<\/p>\n\n\n\n<p><\/p>\n\n\n\n<p><strong>Darilni boni <\/strong><\/p>\n\n\n\n<p>\u010ce boste za pla\u010dilo dogodka koristili darilni bon Posesti Kunigunda, nas o tem obvestite na elektronski naslov info@posestkunigunda.com Veljavnost darilnega bona se \u0161teje do datuma izvedbe dogodka in ne do dneva, ko je bila opravljena prijava na dogodek. Darilnega bona, ki na dan dogodka ne bo veljaven, \u017eal ne moremo sprejeti, zato se v izogib neprijetnostim o veljavnosti bona prepri\u010dajte prej in po potrebi uredite podalj\u0161anje. Menjava darilnega bona za gotovino ni mo\u017ena. \u010ce ste se prijavili na delavnico ni\u017eje vrednosti od darilnega bona, boste ob registraciji na dan dogodka darilni bon zamenjali z dobropisom razlike, ki jo lahko unov\u010dite za druge gostinske storitve.<\/p>\n\n\n\n<p><\/p>\n\n\n\n<p><strong>Odpoved dogodka <\/strong><\/p>\n\n\n\n<p>Pisna odpoved rezervacije termina 4 ali ve\u010d dni pred za\u010detkom dogodka je brezpla\u010dna. Pla\u010dilo se vrne v obliki dobropisa, ki se ga lahko koristi ob prijavi na katerikoli drug dogodek ali storitev v organizaciji Posesti Kunigunda. Odpoved rezervacije mora biti podana v pisni obliki na elektronski naslov: info@posestkunigunda.com V primeru, da stranka rezervacijo prekli\u010de od 72 do 48 ur pred dogodkom, se ji v obliki dobropisa vrne 50% vrednosti naro\u010dila. V primeru, da stranka rezervacije ne prekli\u010de, ali da jo prekli\u010de manj kot 48 ur pred dogodkom, ji pla\u010dane vrednosti ne vrnemo. Odpoved dogodka s strani organizatorja V kolikor se za posamezni dogodek ne prijavi dovolj udele\u017eencev, si organizator pridr\u017euje pravico do odpovedi dogodka oziroma dolo\u010ditve novega termina. Organizator ima pravico objaviti nadomestni dogodek. Prijavljeni udele\u017eenci bodo o morebitni odpovedi in novem aktualnem terminu pravo\u010dasno obve\u0161\u010deni s strani organizatorja preko e-po\u0161te ali telefona. V primeru odpovedi dogodka vsi prijavljeni udele\u017eenci dobijo povrnjen znesek kotizacije, razen v primeru, \u010de se udele\u017eenec odlo\u010di in prijavi na naslednji nadomestni ali cenovno primerljiv dogodek.<\/p>\n\n\n\n<p><\/p>\n\n\n\n<p><strong>Varstvo osebnih podatkov <\/strong><\/p>\n\n\n\n<p>Med dogodkom je dovoljeno snemanje ali fotografiranje, tako s strani Posesti Kunigunda kot tudi s strani ostalih udele\u017eencev. Z oddajo prijave se strinjate, da lahko fotografije in posnetke, ki bodo nastali med dogodkom, Posest Kunigunda uporabi v lastne promocijske namene. S to prijavo bo podjetje Pinocchio d.o.o., Gosposka ulica 1, 3000 Celje, kot upravljavec osebnih podatkov izklju\u010dno za potrebe komuniciranja z vami (statisti\u010dno obdelavo, segmentacijo potro\u0161nikov, po\u0161iljanje gradiva in vabil, telefonsko in elektronsko anketiranje) uporabljalo vse od vas pridobljene informacije ali gradivo. Va\u0161ega imena in drugih osebnih podatkov ne bo uporabljalo v nasprotju z va\u0161o voljo. Va\u0161e osebne podatke bomo za\u010deli obdelovati v skladu z Zakonom o varstvu osebnih podatkov. Obdelava pomeni zbiranje, shranjevanje ali zdru\u017eevanje podatkov v zbirkah osebnih podatkov, spreminjanje, uporabo ali sporo\u010danje, vklju\u010dno s prenosom, iskanjem, blokiranjem in brisanjem. Va\u0161i osebni podatki se bodo shranjevali in uporabljali do va\u0161ega pisnega preklica. V zvezi z varstvom osebnih podatkov vam zagotavljamo, da glede njihovega varstva, zavarovanja, vodenja katalogov podatkov in drugih pravic in obveznosti, ki jih na\u0161e podjetje kot upravljavec zbirke osebnih podatkov ima, v celoti spo\u0161tujemo zakonske dolo\u010dbe. Zbiranje va\u0161ih osebnih podatkov je prostovoljno. \u010ce privolitve z opisano obdelavo osebnih podatkov ne boste podali, vas ne bomo mogli obve\u0161\u010dati o novih izdelkih in reklamnih akcijah, prav tako pa ne bomo mogli komunicirati z vami. Obve\u0161\u010damo vas, da lahko od upravljavca osebnih podatkov kadarkoli zahtevate vpogled, prepis, kopiranje, dopolnitev, popravek, blokiranje ali izbris va\u0161ih osebnih podatkov.<\/p>","protected":false},"excerpt":{"rendered":"<p>Na na\u0161i spletni strani nudimo ve\u010d na\u010dinov rezervacij namestitvenih kapacitet. Prvi je preko e- sporo\u010dila, s katerim nam uporabnik posreduje povpra\u0161evanje, mi pa posredujemo ponudbo. Samo povpra\u0161evanje \u0161e ne \u0161teje za potrjeno rezervacijo, saj je bistveni pogoj za veljavnost potrditev na\u0161e poslane ponudbe s strani uporabnika oz. kupca. V primeru, da v dogovorjenem roku ne [&hellip;]<\/p>","protected":false},"author":16,"featured_media":0,"parent":0,"menu_order":0,"comment_status":"closed","ping_status":"closed","template":"","meta":{"footnotes":""},"class_list":["post-3168","page","type-page","status-publish","hentry"],"yoast_head":"<!-- This site is optimized with the Yoast SEO plugin v27.5 - https:\/\/yoast.com\/product\/yoast-seo-wordpress\/ -->\n<title>Splo\u0161ni pogoji poslovanja - Posest Kunigunda<\/title>\n<meta name=\"robots\" content=\"index, follow, max-snippet:-1, max-image-preview:large, max-video-preview:-1\" \/>\n<link rel=\"canonical\" href=\"https:\/\/www.posestkunigunda.com\/en\/splosni-pogoji-poslovanja\/\" \/>\n<meta property=\"og:locale\" content=\"en_US\" \/>\n<meta property=\"og:type\" content=\"article\" \/>\n<meta property=\"og:title\" content=\"Splo\u0161ni pogoji poslovanja - Posest Kunigunda\" \/>\n<meta property=\"og:description\" content=\"Na na\u0161i spletni strani nudimo ve\u010d na\u010dinov rezervacij namestitvenih kapacitet. Prvi je preko e- sporo\u010dila, s katerim nam uporabnik posreduje povpra\u0161evanje, mi pa posredujemo ponudbo. Samo povpra\u0161evanje \u0161e ne \u0161teje za potrjeno rezervacijo, saj je bistveni pogoj za veljavnost potrditev na\u0161e poslane ponudbe s strani uporabnika oz. kupca. V primeru, da v dogovorjenem roku ne [&hellip;]\" \/>\n<meta property=\"og:url\" content=\"https:\/\/www.posestkunigunda.com\/en\/splosni-pogoji-poslovanja\/\" \/>\n<meta property=\"og:site_name\" content=\"Posest Kunigunda\" \/>\n<meta property=\"article:publisher\" content=\"https:\/\/www.facebook.com\/posestkunigunda\" \/>\n<meta property=\"article:modified_time\" content=\"2024-07-12T07:03:02+00:00\" \/>\n<meta name=\"twitter:card\" content=\"summary_large_image\" \/>\n<meta name=\"twitter:label1\" content=\"Est. reading time\" \/>\n\t<meta name=\"twitter:data1\" content=\"6 minutes\" \/>\n<script type=\"application\/ld+json\" class=\"yoast-schema-graph\">{\"@context\":\"https:\\\/\\\/schema.org\",\"@graph\":[{\"@type\":\"WebPage\",\"@id\":\"https:\\\/\\\/www.posestkunigunda.com\\\/splosni-pogoji-poslovanja\\\/\",\"url\":\"https:\\\/\\\/www.posestkunigunda.com\\\/splosni-pogoji-poslovanja\\\/\",\"name\":\"Splo\u0161ni pogoji poslovanja - Posest Kunigunda\",\"isPartOf\":{\"@id\":\"https:\\\/\\\/www.posestkunigunda.com\\\/#website\"},\"datePublished\":\"2024-07-12T06:57:44+00:00\",\"dateModified\":\"2024-07-12T07:03:02+00:00\",\"breadcrumb\":{\"@id\":\"https:\\\/\\\/www.posestkunigunda.com\\\/splosni-pogoji-poslovanja\\\/#breadcrumb\"},\"inLanguage\":\"en-US\",\"potentialAction\":[{\"@type\":\"ReadAction\",\"target\":[\"https:\\\/\\\/www.posestkunigunda.com\\\/splosni-pogoji-poslovanja\\\/\"]}]},{\"@type\":\"BreadcrumbList\",\"@id\":\"https:\\\/\\\/www.posestkunigunda.com\\\/splosni-pogoji-poslovanja\\\/#breadcrumb\",\"itemListElement\":[{\"@type\":\"ListItem\",\"position\":1,\"name\":\"Domov\",\"item\":\"https:\\\/\\\/www.posestkunigunda.com\\\/\"},{\"@type\":\"ListItem\",\"position\":2,\"name\":\"Splo\u0161ni pogoji poslovanja\"}]},{\"@type\":\"WebSite\",\"@id\":\"https:\\\/\\\/www.posestkunigunda.com\\\/#website\",\"url\":\"https:\\\/\\\/www.posestkunigunda.com\\\/\",\"name\":\"Posest Kunigunda\",\"description\":\"Ljubo doma\",\"publisher\":{\"@id\":\"https:\\\/\\\/www.posestkunigunda.com\\\/#organization\"},\"potentialAction\":[{\"@type\":\"SearchAction\",\"target\":{\"@type\":\"EntryPoint\",\"urlTemplate\":\"https:\\\/\\\/www.posestkunigunda.com\\\/?s={search_term_string}\"},\"query-input\":{\"@type\":\"PropertyValueSpecification\",\"valueRequired\":true,\"valueName\":\"search_term_string\"}}],\"inLanguage\":\"en-US\"},{\"@type\":\"Organization\",\"@id\":\"https:\\\/\\\/www.posestkunigunda.com\\\/#organization\",\"name\":\"Posest Kunigunda\",\"url\":\"https:\\\/\\\/www.posestkunigunda.com\\\/\",\"logo\":{\"@type\":\"ImageObject\",\"inLanguage\":\"en-US\",\"@id\":\"https:\\\/\\\/www.posestkunigunda.com\\\/#\\\/schema\\\/logo\\\/image\\\/\",\"url\":\"https:\\\/\\\/www.posestkunigunda.com\\\/wp-content\\\/uploads\\\/2025\\\/08\\\/1234.png\",\"contentUrl\":\"https:\\\/\\\/www.posestkunigunda.com\\\/wp-content\\\/uploads\\\/2025\\\/08\\\/1234.png\",\"width\":237,\"height\":90,\"caption\":\"Posest Kunigunda\"},\"image\":{\"@id\":\"https:\\\/\\\/www.posestkunigunda.com\\\/#\\\/schema\\\/logo\\\/image\\\/\"},\"sameAs\":[\"https:\\\/\\\/www.facebook.com\\\/posestkunigunda\",\"https:\\\/\\\/www.instagram.com\\\/posest_kunigunda\\\/\"]}]}<\/script>\n<!-- \/ Yoast SEO plugin. -->","yoast_head_json":{"title":"Splo\u0161ni pogoji poslovanja - Posest Kunigunda","robots":{"index":"index","follow":"follow","max-snippet":"max-snippet:-1","max-image-preview":"max-image-preview:large","max-video-preview":"max-video-preview:-1"},"canonical":"https:\/\/www.posestkunigunda.com\/en\/splosni-pogoji-poslovanja\/","og_locale":"en_US","og_type":"article","og_title":"Splo\u0161ni pogoji poslovanja - Posest Kunigunda","og_description":"Na na\u0161i spletni strani nudimo ve\u010d na\u010dinov rezervacij namestitvenih kapacitet. Prvi je preko e- sporo\u010dila, s katerim nam uporabnik posreduje povpra\u0161evanje, mi pa posredujemo ponudbo. Samo povpra\u0161evanje \u0161e ne \u0161teje za potrjeno rezervacijo, saj je bistveni pogoj za veljavnost potrditev na\u0161e poslane ponudbe s strani uporabnika oz. kupca. V primeru, da v dogovorjenem roku ne [&hellip;]","og_url":"https:\/\/www.posestkunigunda.com\/en\/splosni-pogoji-poslovanja\/","og_site_name":"Posest Kunigunda","article_publisher":"https:\/\/www.facebook.com\/posestkunigunda","article_modified_time":"2024-07-12T07:03:02+00:00","twitter_card":"summary_large_image","twitter_misc":{"Est. reading time":"6 minutes"},"schema":{"@context":"https:\/\/schema.org","@graph":[{"@type":"WebPage","@id":"https:\/\/www.posestkunigunda.com\/splosni-pogoji-poslovanja\/","url":"https:\/\/www.posestkunigunda.com\/splosni-pogoji-poslovanja\/","name":"Splo\u0161ni pogoji poslovanja - Posest Kunigunda","isPartOf":{"@id":"https:\/\/www.posestkunigunda.com\/#website"},"datePublished":"2024-07-12T06:57:44+00:00","dateModified":"2024-07-12T07:03:02+00:00","breadcrumb":{"@id":"https:\/\/www.posestkunigunda.com\/splosni-pogoji-poslovanja\/#breadcrumb"},"inLanguage":"en-US","potentialAction":[{"@type":"ReadAction","target":["https:\/\/www.posestkunigunda.com\/splosni-pogoji-poslovanja\/"]}]},{"@type":"BreadcrumbList","@id":"https:\/\/www.posestkunigunda.com\/splosni-pogoji-poslovanja\/#breadcrumb","itemListElement":[{"@type":"ListItem","position":1,"name":"Domov","item":"https:\/\/www.posestkunigunda.com\/"},{"@type":"ListItem","position":2,"name":"Splo\u0161ni pogoji poslovanja"}]},{"@type":"WebSite","@id":"https:\/\/www.posestkunigunda.com\/#website","url":"https:\/\/www.posestkunigunda.com\/","name":"Posest Kunigunda","description":"Ljubo doma","publisher":{"@id":"https:\/\/www.posestkunigunda.com\/#organization"},"potentialAction":[{"@type":"SearchAction","target":{"@type":"EntryPoint","urlTemplate":"https:\/\/www.posestkunigunda.com\/?s={search_term_string}"},"query-input":{"@type":"PropertyValueSpecification","valueRequired":true,"valueName":"search_term_string"}}],"inLanguage":"en-US"},{"@type":"Organization","@id":"https:\/\/www.posestkunigunda.com\/#organization","name":"Posest Kunigunda","url":"https:\/\/www.posestkunigunda.com\/","logo":{"@type":"ImageObject","inLanguage":"en-US","@id":"https:\/\/www.posestkunigunda.com\/#\/schema\/logo\/image\/","url":"https:\/\/www.posestkunigunda.com\/wp-content\/uploads\/2025\/08\/1234.png","contentUrl":"https:\/\/www.posestkunigunda.com\/wp-content\/uploads\/2025\/08\/1234.png","width":237,"height":90,"caption":"Posest Kunigunda"},"image":{"@id":"https:\/\/www.posestkunigunda.com\/#\/schema\/logo\/image\/"},"sameAs":["https:\/\/www.facebook.com\/posestkunigunda","https:\/\/www.instagram.com\/posest_kunigunda\/"]}]}},"_links":{"self":[{"href":"https:\/\/www.posestkunigunda.com\/en\/wp-json\/wp\/v2\/pages\/3168","targetHints":{"allow":["GET"]}}],"collection":[{"href":"https:\/\/www.posestkunigunda.com\/en\/wp-json\/wp\/v2\/pages"}],"about":[{"href":"https:\/\/www.posestkunigunda.com\/en\/wp-json\/wp\/v2\/types\/page"}],"author":[{"embeddable":true,"href":"https:\/\/www.posestkunigunda.com\/en\/wp-json\/wp\/v2\/users\/16"}],"replies":[{"embeddable":true,"href":"https:\/\/www.posestkunigunda.com\/en\/wp-json\/wp\/v2\/comments?post=3168"}],"version-history":[{"count":3,"href":"https:\/\/www.posestkunigunda.com\/en\/wp-json\/wp\/v2\/pages\/3168\/revisions"}],"predecessor-version":[{"id":3172,"href":"https:\/\/www.posestkunigunda.com\/en\/wp-json\/wp\/v2\/pages\/3168\/revisions\/3172"}],"wp:attachment":[{"href":"https:\/\/www.posestkunigunda.com\/en\/wp-json\/wp\/v2\/media?parent=3168"}],"curies":[{"name":"wp","href":"https:\/\/api.w.org\/{rel}","templated":true}]}}