{"id":2189,"date":"2024-06-10T07:06:23","date_gmt":"2024-06-10T07:06:23","guid":{"rendered":"https:\/\/posestkunigunda.forwardapps.si\/?page_id=2189"},"modified":"2025-08-30T08:17:25","modified_gmt":"2025-08-30T08:17:25","slug":"dogodki","status":"publish","type":"page","link":"https:\/\/www.posestkunigunda.com\/en\/dogodki\/","title":{"rendered":"Events"},"content":{"rendered":"<div data-elementor-type=\"wp-page\" data-elementor-id=\"2189\" class=\"elementor elementor-2189\" data-elementor-post-type=\"page\">\n\t\t\t\t<div class=\"elementor-element elementor-element-9bb774e e-con-full elementor-hidden-tablet elementor-hidden-mobile e-flex e-con e-parent\" data-id=\"9bb774e\" data-element_type=\"container\" data-e-type=\"container\" data-settings=\"{&quot;background_background&quot;:&quot;video&quot;,&quot;background_video_link&quot;:&quot;https:\\\/\\\/www.posestkunigunda.com\\\/wp-content\\\/uploads\\\/2025\\\/07\\\/Dogodki-intro-videoglava.mp4&quot;}\">\n\t\t<div class=\"elementor-background-video-container elementor-hidden-mobile\">\n\t\t\t\t\t\t\t<video class=\"elementor-background-video-hosted\" role=\"presentation\" autoplay muted playsinline loop><\/video>\n\t\t\t\t\t<\/div><div class=\"elementor-element elementor-element-4c7b08b e-flex e-con-boxed e-con e-child\" data-id=\"4c7b08b\" data-element_type=\"container\" data-e-type=\"container\">\n\t\t\t\t\t<div class=\"e-con-inner\">\n\t\t\t\t<div class=\"elementor-element elementor-element-e4b5bcc elementor-widget__width-initial elementor-widget-mobile__width-inherit elementor-widget elementor-widget-text-editor\" data-id=\"e4b5bcc\" data-element_type=\"widget\" data-e-type=\"widget\" data-widget_type=\"text-editor.default\">\n\t\t\t\t<div class=\"elementor-widget-container\">\n\t\t\t\t\t\t\t\t\t<div dir=\"ltr\"><div class=\"input-box\" spellcheck=\"false\"><div id=\"waffle-rich-text-editor\" class=\"cell-input editable disabled-input\" dir=\"ltr\" tabindex=\"0\" role=\"combobox\" contenteditable=\"false\" aria-label=\"X5\" aria-autocomplete=\"list\">Why keep meeting in the same old place every time? Brighten up your days and evenings\u2014invite your friends somewhere nicer. Invite them to Posest Kunigunda, where we prepare fun themed events for you.<\/div><\/div><\/div>\t\t\t\t\t\t\t\t<\/div>\n\t\t\t\t<\/div>\n\t\t\t\t\t<\/div>\n\t\t\t\t<\/div>\n\t\t\t\t<\/div>\n\t\t<div class=\"elementor-element elementor-element-cd5054a e-con-full elementor-hidden-desktop e-flex e-con e-parent\" data-id=\"cd5054a\" data-element_type=\"container\" data-e-type=\"container\" data-settings=\"{&quot;background_background&quot;:&quot;video&quot;,&quot;background_video_link&quot;:&quot;https:\\\/\\\/www.posestkunigunda.com\\\/wp-content\\\/uploads\\\/2025\\\/07\\\/Dogodki-intro-videoglava.mp4&quot;,&quot;background_play_on_mobile&quot;:&quot;yes&quot;}\">\n\t\t<div class=\"elementor-background-video-container\">\n\t\t\t\t\t\t\t<video class=\"elementor-background-video-hosted\" role=\"presentation\" autoplay muted playsinline loop><\/video>\n\t\t\t\t\t<\/div>\t\t<\/div>\n\t\t<div class=\"elementor-element elementor-element-1e822e9 elementor-hidden-desktop e-flex e-con-boxed e-con e-parent\" data-id=\"1e822e9\" data-element_type=\"container\" data-e-type=\"container\">\n\t\t\t\t\t<div class=\"e-con-inner\">\n\t\t<div class=\"elementor-element elementor-element-e1f4de5 e-con-full e-flex e-con e-child\" data-id=\"e1f4de5\" data-element_type=\"container\" data-e-type=\"container\">\n\t\t\t\t<div class=\"elementor-element elementor-element-589bbb3 elementor-widget__width-initial elementor-widget-mobile__width-inherit elementor-widget elementor-widget-text-editor\" data-id=\"589bbb3\" data-element_type=\"widget\" data-e-type=\"widget\" data-widget_type=\"text-editor.default\">\n\t\t\t\t<div class=\"elementor-widget-container\">\n\t\t\t\t\t\t\t\t\t<div dir=\"ltr\"><div class=\"input-box\" spellcheck=\"false\"><div id=\"waffle-rich-text-editor\" class=\"cell-input editable disabled-input\" dir=\"ltr\" tabindex=\"0\" role=\"combobox\" contenteditable=\"false\" aria-label=\"X5\" aria-autocomplete=\"list\">Why keep meeting in the same old place every time? Brighten up your days and evenings\u2014invite your friends somewhere nicer. Invite them to Posest Kunigunda, where we prepare fun themed events for you.<\/div><\/div><\/div>\t\t\t\t\t\t\t\t<\/div>\n\t\t\t\t<\/div>\n\t\t\t\t<\/div>\n\t\t\t\t\t<\/div>\n\t\t\t\t<\/div>\n\t\t<div class=\"elementor-element elementor-element-5270d0d e-flex e-con-boxed e-con e-parent\" data-id=\"5270d0d\" data-element_type=\"container\" data-e-type=\"container\">\n\t\t\t\t\t<div class=\"e-con-inner\">\n\t\t<div class=\"elementor-element elementor-element-62a74e0 e-con-full e-flex e-con e-child\" data-id=\"62a74e0\" data-element_type=\"container\" data-e-type=\"container\" data-settings=\"{&quot;background_background&quot;:&quot;classic&quot;}\">\n\t\t\t\t<div class=\"elementor-element elementor-element-8aeb24f elementor-widget elementor-widget-text-editor\" data-id=\"8aeb24f\" data-element_type=\"widget\" data-e-type=\"widget\" data-widget_type=\"text-editor.default\">\n\t\t\t\t<div class=\"elementor-widget-container\">\n\t\t\t\t\t\t\t\t\t<p class=\"cvGsUA direction-ltr align-center para-style-body\"><span class=\"a_GcMg font-feature-liga-off font-feature-clig-off font-feature-calt-off text-decoration-none text-strikethrough-none\">Together with you, we enjoy and create unforgettable parties, weddings, themed evenings, and corporate events\u2014and yes, we\u2019ve even danced after lunch. With us, anything is possible, and we love to set things in motion!<\/span><span class=\"a_GcMg font-feature-liga-off font-feature-clig-off font-feature-calt-off text-decoration-none text-strikethrough-none\"> in ustvarjamo nepozabne fe\u0161te, <\/span><span class=\"a_GcMg font-feature-liga-off font-feature-clig-off font-feature-calt-off text-decoration-none text-strikethrough-none\">poroke, tematske ve\u010dere, poslovne dogodke, in ja tudi po kosilu smo \u017ee plesali. <\/span><span class=\"a_GcMg font-feature-liga-off font-feature-clig-off font-feature-calt-off text-decoration-none text-strikethrough-none\">Pri nas je vse mogo\u010de in zelo radi spro\u017eamo dogajanja!<\/span><\/p>\t\t\t\t\t\t\t\t<\/div>\n\t\t\t\t<\/div>\n\t\t\t\t<\/div>\n\t\t<div class=\"elementor-element elementor-element-8f861b2 e-con-full e-flex e-con e-child\" data-id=\"8f861b2\" data-element_type=\"container\" data-e-type=\"container\" data-settings=\"{&quot;background_background&quot;:&quot;classic&quot;}\">\n\t\t\t\t<\/div>\n\t\t\t\t\t<\/div>\n\t\t\t\t<\/div>\n\t\t<div class=\"elementor-element elementor-element-86737e7 e-flex e-con-boxed e-con e-parent\" data-id=\"86737e7\" data-element_type=\"container\" data-e-type=\"container\">\n\t\t\t\t\t<div class=\"e-con-inner\">\n\t\t\t\t<div class=\"elementor-element elementor-element-4249907 elementor-widget elementor-widget-heading\" data-id=\"4249907\" data-element_type=\"widget\" data-e-type=\"widget\" data-widget_type=\"heading.default\">\n\t\t\t\t<div class=\"elementor-widget-container\">\n\t\t\t\t\t<h2 class=\"elementor-heading-title elementor-size-default\">Past events<\/h2>\t\t\t\t<\/div>\n\t\t\t\t<\/div>\n\t\t\t\t<div class=\"elementor-element elementor-element-f3031db elementor-widget elementor-widget-image\" data-id=\"f3031db\" data-element_type=\"widget\" data-e-type=\"widget\" data-widget_type=\"image.default\">\n\t\t\t\t<div class=\"elementor-widget-container\">\n\t\t\t\t\t\t\t\t\t\t\t\t\t\t\t<img fetchpriority=\"high\" decoding=\"async\" width=\"800\" height=\"804\" src=\"https:\/\/www.posestkunigunda.com\/wp-content\/uploads\/2024\/12\/Posnetek-zaslona-2024\u201312\u201325-ob-18.07.12-1019x1024.png\" class=\"attachment-large size-large wp-image-3897\" alt=\"\" srcset=\"https:\/\/www.posestkunigunda.com\/wp-content\/uploads\/2024\/12\/Posnetek-zaslona-2024\u201312\u201325-ob-18.07.12-1019x1024.png 1019w, https:\/\/www.posestkunigunda.com\/wp-content\/uploads\/2024\/12\/Posnetek-zaslona-2024\u201312\u201325-ob-18.07.12-150x150.png 150w, https:\/\/www.posestkunigunda.com\/wp-content\/uploads\/2024\/12\/Posnetek-zaslona-2024\u201312\u201325-ob-18.07.12-768x771.png 768w, https:\/\/www.posestkunigunda.com\/wp-content\/uploads\/2024\/12\/Posnetek-zaslona-2024\u201312\u201325-ob-18.07.12-600x603.png 600w, https:\/\/www.posestkunigunda.com\/wp-content\/uploads\/2024\/12\/Posnetek-zaslona-2024\u201312\u201325-ob-18.07.12-100x100.png 100w, https:\/\/www.posestkunigunda.com\/wp-content\/uploads\/2024\/12\/Posnetek-zaslona-2024\u201312\u201325-ob-18.07.12.png 1354w\" sizes=\"(max-width: 800px) 100vw, 800px\" \/>\t\t\t\t\t\t\t\t\t\t\t\t\t\t\t<\/div>\n\t\t\t\t<\/div>\n\t\t\t\t<div class=\"elementor-element elementor-element-9e27656 elementor-widget elementor-widget-image\" data-id=\"9e27656\" data-element_type=\"widget\" data-e-type=\"widget\" data-widget_type=\"image.default\">\n\t\t\t\t<div class=\"elementor-widget-container\">\n\t\t\t\t\t\t\t\t\t\t\t\t\t\t\t<img decoding=\"async\" width=\"800\" height=\"580\" src=\"https:\/\/www.posestkunigunda.com\/wp-content\/uploads\/2024\/07\/Screenshot-2024-07-20-at-10.41.50-1024x743.png\" class=\"attachment-large size-large wp-image-3569\" alt=\"\" srcset=\"https:\/\/www.posestkunigunda.com\/wp-content\/uploads\/2024\/07\/Screenshot-2024-07-20-at-10.41.50-1024x743.png 1024w, https:\/\/www.posestkunigunda.com\/wp-content\/uploads\/2024\/07\/Screenshot-2024-07-20-at-10.41.50-300x218.png 300w, https:\/\/www.posestkunigunda.com\/wp-content\/uploads\/2024\/07\/Screenshot-2024-07-20-at-10.41.50-768x558.png 768w, https:\/\/www.posestkunigunda.com\/wp-content\/uploads\/2024\/07\/Screenshot-2024-07-20-at-10.41.50-1536x1115.png 1536w, https:\/\/www.posestkunigunda.com\/wp-content\/uploads\/2024\/07\/Screenshot-2024-07-20-at-10.41.50-600x436.png 600w, https:\/\/www.posestkunigunda.com\/wp-content\/uploads\/2024\/07\/Screenshot-2024-07-20-at-10.41.50.png 1854w\" sizes=\"(max-width: 800px) 100vw, 800px\" \/>\t\t\t\t\t\t\t\t\t\t\t\t\t\t\t<\/div>\n\t\t\t\t<\/div>\n\t\t\t\t<div class=\"elementor-element elementor-element-9b7ba20 elementor-widget elementor-widget-image\" data-id=\"9b7ba20\" data-element_type=\"widget\" data-e-type=\"widget\" data-widget_type=\"image.default\">\n\t\t\t\t<div class=\"elementor-widget-container\">\n\t\t\t\t\t\t\t\t\t\t\t\t\t\t\t<img decoding=\"async\" width=\"800\" height=\"573\" src=\"https:\/\/www.posestkunigunda.com\/wp-content\/uploads\/2024\/07\/Screenshot-2024-07-20-at-10.19.02-1024x734.png\" class=\"attachment-large size-large wp-image-3560\" alt=\"\" srcset=\"https:\/\/www.posestkunigunda.com\/wp-content\/uploads\/2024\/07\/Screenshot-2024-07-20-at-10.19.02-1024x734.png 1024w, https:\/\/www.posestkunigunda.com\/wp-content\/uploads\/2024\/07\/Screenshot-2024-07-20-at-10.19.02-300x215.png 300w, https:\/\/www.posestkunigunda.com\/wp-content\/uploads\/2024\/07\/Screenshot-2024-07-20-at-10.19.02-768x551.png 768w, https:\/\/www.posestkunigunda.com\/wp-content\/uploads\/2024\/07\/Screenshot-2024-07-20-at-10.19.02-1536x1102.png 1536w, https:\/\/www.posestkunigunda.com\/wp-content\/uploads\/2024\/07\/Screenshot-2024-07-20-at-10.19.02-600x430.png 600w, https:\/\/www.posestkunigunda.com\/wp-content\/uploads\/2024\/07\/Screenshot-2024-07-20-at-10.19.02.png 1846w\" sizes=\"(max-width: 800px) 100vw, 800px\" \/>\t\t\t\t\t\t\t\t\t\t\t\t\t\t\t<\/div>\n\t\t\t\t<\/div>\n\t\t\t\t<div class=\"elementor-element elementor-element-b869641 elementor-widget elementor-widget-image\" data-id=\"b869641\" data-element_type=\"widget\" data-e-type=\"widget\" data-widget_type=\"image.default\">\n\t\t\t\t<div class=\"elementor-widget-container\">\n\t\t\t\t\t\t\t\t\t\t\t\t\t\t\t<img loading=\"lazy\" decoding=\"async\" width=\"800\" height=\"637\" src=\"https:\/\/www.posestkunigunda.com\/wp-content\/uploads\/2024\/07\/Screenshot-2024-07-20-at-10.09.15-1024x815.png\" class=\"attachment-large size-large wp-image-3556\" alt=\"\" srcset=\"https:\/\/www.posestkunigunda.com\/wp-content\/uploads\/2024\/07\/Screenshot-2024-07-20-at-10.09.15-1024x815.png 1024w, https:\/\/www.posestkunigunda.com\/wp-content\/uploads\/2024\/07\/Screenshot-2024-07-20-at-10.09.15-300x239.png 300w, https:\/\/www.posestkunigunda.com\/wp-content\/uploads\/2024\/07\/Screenshot-2024-07-20-at-10.09.15-768x611.png 768w, https:\/\/www.posestkunigunda.com\/wp-content\/uploads\/2024\/07\/Screenshot-2024-07-20-at-10.09.15-1536x1222.png 1536w, https:\/\/www.posestkunigunda.com\/wp-content\/uploads\/2024\/07\/Screenshot-2024-07-20-at-10.09.15-600x477.png 600w, https:\/\/www.posestkunigunda.com\/wp-content\/uploads\/2024\/07\/Screenshot-2024-07-20-at-10.09.15.png 1664w\" sizes=\"(max-width: 800px) 100vw, 800px\" \/>\t\t\t\t\t\t\t\t\t\t\t\t\t\t\t<\/div>\n\t\t\t\t<\/div>\n\t\t\t\t<div class=\"elementor-element elementor-element-0972731 elementor-widget elementor-widget-image\" data-id=\"0972731\" data-element_type=\"widget\" data-e-type=\"widget\" data-widget_type=\"image.default\">\n\t\t\t\t<div class=\"elementor-widget-container\">\n\t\t\t\t\t\t\t\t\t\t\t\t\t\t\t<img loading=\"lazy\" decoding=\"async\" width=\"800\" height=\"580\" src=\"https:\/\/www.posestkunigunda.com\/wp-content\/uploads\/2024\/07\/Screenshot-2024-07-20-at-10.49.30-1024x743.png\" class=\"attachment-large size-large wp-image-3575\" alt=\"\" srcset=\"https:\/\/www.posestkunigunda.com\/wp-content\/uploads\/2024\/07\/Screenshot-2024-07-20-at-10.49.30-1024x743.png 1024w, https:\/\/www.posestkunigunda.com\/wp-content\/uploads\/2024\/07\/Screenshot-2024-07-20-at-10.49.30-300x218.png 300w, https:\/\/www.posestkunigunda.com\/wp-content\/uploads\/2024\/07\/Screenshot-2024-07-20-at-10.49.30-768x558.png 768w, https:\/\/www.posestkunigunda.com\/wp-content\/uploads\/2024\/07\/Screenshot-2024-07-20-at-10.49.30-1536x1115.png 1536w, https:\/\/www.posestkunigunda.com\/wp-content\/uploads\/2024\/07\/Screenshot-2024-07-20-at-10.49.30-600x436.png 600w, https:\/\/www.posestkunigunda.com\/wp-content\/uploads\/2024\/07\/Screenshot-2024-07-20-at-10.49.30.png 1854w\" sizes=\"(max-width: 800px) 100vw, 800px\" \/>\t\t\t\t\t\t\t\t\t\t\t\t\t\t\t<\/div>\n\t\t\t\t<\/div>\n\t\t\t\t<div class=\"elementor-element elementor-element-1df6259 elementor-widget elementor-widget-image\" data-id=\"1df6259\" data-element_type=\"widget\" data-e-type=\"widget\" data-widget_type=\"image.default\">\n\t\t\t\t<div class=\"elementor-widget-container\">\n\t\t\t\t\t\t\t\t\t\t\t\t\t\t\t<img loading=\"lazy\" decoding=\"async\" width=\"800\" height=\"580\" src=\"https:\/\/www.posestkunigunda.com\/wp-content\/uploads\/2024\/07\/Screenshot-2024-07-20-at-10.44.18-1024x743.png\" class=\"attachment-large size-large wp-image-3574\" alt=\"\" srcset=\"https:\/\/www.posestkunigunda.com\/wp-content\/uploads\/2024\/07\/Screenshot-2024-07-20-at-10.44.18-1024x743.png 1024w, https:\/\/www.posestkunigunda.com\/wp-content\/uploads\/2024\/07\/Screenshot-2024-07-20-at-10.44.18-300x218.png 300w, https:\/\/www.posestkunigunda.com\/wp-content\/uploads\/2024\/07\/Screenshot-2024-07-20-at-10.44.18-768x558.png 768w, https:\/\/www.posestkunigunda.com\/wp-content\/uploads\/2024\/07\/Screenshot-2024-07-20-at-10.44.18-1536x1115.png 1536w, https:\/\/www.posestkunigunda.com\/wp-content\/uploads\/2024\/07\/Screenshot-2024-07-20-at-10.44.18-600x436.png 600w, https:\/\/www.posestkunigunda.com\/wp-content\/uploads\/2024\/07\/Screenshot-2024-07-20-at-10.44.18.png 1854w\" sizes=\"(max-width: 800px) 100vw, 800px\" \/>\t\t\t\t\t\t\t\t\t\t\t\t\t\t\t<\/div>\n\t\t\t\t<\/div>\n\t\t\t\t<div class=\"elementor-element elementor-element-4cedbf9 elementor-widget elementor-widget-image\" data-id=\"4cedbf9\" data-element_type=\"widget\" data-e-type=\"widget\" data-widget_type=\"image.default\">\n\t\t\t\t<div class=\"elementor-widget-container\">\n\t\t\t\t\t\t\t\t\t\t\t\t\t\t\t<img loading=\"lazy\" decoding=\"async\" width=\"800\" height=\"580\" src=\"https:\/\/www.posestkunigunda.com\/wp-content\/uploads\/2024\/07\/Screenshot-2024-07-20-at-10.29.09-1024x743.png\" class=\"attachment-large size-large wp-image-3564\" alt=\"\" srcset=\"https:\/\/www.posestkunigunda.com\/wp-content\/uploads\/2024\/07\/Screenshot-2024-07-20-at-10.29.09-1024x743.png 1024w, https:\/\/www.posestkunigunda.com\/wp-content\/uploads\/2024\/07\/Screenshot-2024-07-20-at-10.29.09-300x218.png 300w, https:\/\/www.posestkunigunda.com\/wp-content\/uploads\/2024\/07\/Screenshot-2024-07-20-at-10.29.09-768x558.png 768w, https:\/\/www.posestkunigunda.com\/wp-content\/uploads\/2024\/07\/Screenshot-2024-07-20-at-10.29.09-1536x1115.png 1536w, https:\/\/www.posestkunigunda.com\/wp-content\/uploads\/2024\/07\/Screenshot-2024-07-20-at-10.29.09-600x436.png 600w, https:\/\/www.posestkunigunda.com\/wp-content\/uploads\/2024\/07\/Screenshot-2024-07-20-at-10.29.09.png 1854w\" sizes=\"(max-width: 800px) 100vw, 800px\" \/>\t\t\t\t\t\t\t\t\t\t\t\t\t\t\t<\/div>\n\t\t\t\t<\/div>\n\t\t\t\t\t<\/div>\n\t\t\t\t<\/div>\n\t\t\t\t<\/div>","protected":false},"excerpt":{"rendered":"<p>Zakaj bi se vsaki\u010d znova dru\u017eili v istem starem lokalu? Popestrite va\u0161e dneve in ve\u010dere ter prijatelje raje povabite na lep\u0161e. Povabite jih na Posest Kunigunda, kjer za vas pripravljamo zanimive tematske dogodke.Zakaj bi se vsaki\u010d znova dru\u017eili v istem starem lokalu? Popestrite va\u0161e dneve in ve\u010dere ter prijatelje raje povabite na lep\u0161e. Povabite jih [&hellip;]<\/p>","protected":false},"author":16,"featured_media":0,"parent":0,"menu_order":0,"comment_status":"closed","ping_status":"closed","template":"","meta":{"footnotes":""},"class_list":["post-2189","page","type-page","status-publish","hentry"],"yoast_head":"<!-- This site is optimized with the Yoast SEO plugin v27.4 - https:\/\/yoast.com\/product\/yoast-seo-wordpress\/ -->\n<title>Dogodki - Posest Kunigunda<\/title>\n<meta name=\"description\" content=\"Obi\u0161\u010dite posest Kunigunda, kjer za vas pripravljamo zanimive tematske dogodke. Oglejte si spletni koledar na\u0161ih dogodkov.\" \/>\n<meta name=\"robots\" content=\"index, follow, max-snippet:-1, max-image-preview:large, max-video-preview:-1\" \/>\n<link rel=\"canonical\" href=\"https:\/\/www.posestkunigunda.com\/en\/dogodki\/\" \/>\n<meta property=\"og:locale\" content=\"en_US\" \/>\n<meta property=\"og:type\" content=\"article\" \/>\n<meta property=\"og:title\" content=\"Dogodki - Posest Kunigunda\" \/>\n<meta property=\"og:description\" content=\"Obi\u0161\u010dite posest Kunigunda, kjer za vas pripravljamo zanimive tematske dogodke. Oglejte si spletni koledar na\u0161ih dogodkov.\" \/>\n<meta property=\"og:url\" content=\"https:\/\/www.posestkunigunda.com\/en\/dogodki\/\" \/>\n<meta property=\"og:site_name\" content=\"Posest Kunigunda\" \/>\n<meta property=\"article:publisher\" content=\"https:\/\/www.facebook.com\/posestkunigunda\" \/>\n<meta property=\"article:modified_time\" content=\"2025-08-30T08:17:25+00:00\" \/>\n<meta property=\"og:image\" content=\"https:\/\/www.posestkunigunda.com\/wp-content\/uploads\/2024\/07\/Screenshot-2024-07-20-at-10.41.50-1024x743.png\" \/>\n<meta name=\"twitter:card\" content=\"summary_large_image\" \/>\n<meta name=\"twitter:label1\" content=\"Est. reading time\" \/>\n\t<meta name=\"twitter:data1\" content=\"2 minutes\" \/>\n<script type=\"application\/ld+json\" class=\"yoast-schema-graph\">{\"@context\":\"https:\\\/\\\/schema.org\",\"@graph\":[{\"@type\":\"WebPage\",\"@id\":\"https:\\\/\\\/www.posestkunigunda.com\\\/dogodki\\\/\",\"url\":\"https:\\\/\\\/www.posestkunigunda.com\\\/dogodki\\\/\",\"name\":\"Dogodki - Posest Kunigunda\",\"isPartOf\":{\"@id\":\"https:\\\/\\\/www.posestkunigunda.com\\\/#website\"},\"primaryImageOfPage\":{\"@id\":\"https:\\\/\\\/www.posestkunigunda.com\\\/dogodki\\\/#primaryimage\"},\"image\":{\"@id\":\"https:\\\/\\\/www.posestkunigunda.com\\\/dogodki\\\/#primaryimage\"},\"thumbnailUrl\":\"https:\\\/\\\/www.posestkunigunda.com\\\/wp-content\\\/uploads\\\/2024\\\/07\\\/Screenshot-2024-07-20-at-10.41.50-1024x743.png\",\"datePublished\":\"2024-06-10T07:06:23+00:00\",\"dateModified\":\"2025-08-30T08:17:25+00:00\",\"description\":\"Obi\u0161\u010dite posest Kunigunda, kjer za vas pripravljamo zanimive tematske dogodke. Oglejte si spletni koledar na\u0161ih dogodkov.\",\"breadcrumb\":{\"@id\":\"https:\\\/\\\/www.posestkunigunda.com\\\/dogodki\\\/#breadcrumb\"},\"inLanguage\":\"en-US\",\"potentialAction\":[{\"@type\":\"ReadAction\",\"target\":[\"https:\\\/\\\/www.posestkunigunda.com\\\/dogodki\\\/\"]}]},{\"@type\":\"ImageObject\",\"inLanguage\":\"en-US\",\"@id\":\"https:\\\/\\\/www.posestkunigunda.com\\\/dogodki\\\/#primaryimage\",\"url\":\"https:\\\/\\\/www.posestkunigunda.com\\\/wp-content\\\/uploads\\\/2024\\\/07\\\/Screenshot-2024-07-20-at-10.41.50-1024x743.png\",\"contentUrl\":\"https:\\\/\\\/www.posestkunigunda.com\\\/wp-content\\\/uploads\\\/2024\\\/07\\\/Screenshot-2024-07-20-at-10.41.50-1024x743.png\"},{\"@type\":\"BreadcrumbList\",\"@id\":\"https:\\\/\\\/www.posestkunigunda.com\\\/dogodki\\\/#breadcrumb\",\"itemListElement\":[{\"@type\":\"ListItem\",\"position\":1,\"name\":\"Domov\",\"item\":\"https:\\\/\\\/www.posestkunigunda.com\\\/\"},{\"@type\":\"ListItem\",\"position\":2,\"name\":\"Dogodki\"}]},{\"@type\":\"WebSite\",\"@id\":\"https:\\\/\\\/www.posestkunigunda.com\\\/#website\",\"url\":\"https:\\\/\\\/www.posestkunigunda.com\\\/\",\"name\":\"Posest Kunigunda\",\"description\":\"Ljubo doma\",\"publisher\":{\"@id\":\"https:\\\/\\\/www.posestkunigunda.com\\\/#organization\"},\"potentialAction\":[{\"@type\":\"SearchAction\",\"target\":{\"@type\":\"EntryPoint\",\"urlTemplate\":\"https:\\\/\\\/www.posestkunigunda.com\\\/?s={search_term_string}\"},\"query-input\":{\"@type\":\"PropertyValueSpecification\",\"valueRequired\":true,\"valueName\":\"search_term_string\"}}],\"inLanguage\":\"en-US\"},{\"@type\":\"Organization\",\"@id\":\"https:\\\/\\\/www.posestkunigunda.com\\\/#organization\",\"name\":\"Posest Kunigunda\",\"url\":\"https:\\\/\\\/www.posestkunigunda.com\\\/\",\"logo\":{\"@type\":\"ImageObject\",\"inLanguage\":\"en-US\",\"@id\":\"https:\\\/\\\/www.posestkunigunda.com\\\/#\\\/schema\\\/logo\\\/image\\\/\",\"url\":\"https:\\\/\\\/www.posestkunigunda.com\\\/wp-content\\\/uploads\\\/2025\\\/08\\\/1234.png\",\"contentUrl\":\"https:\\\/\\\/www.posestkunigunda.com\\\/wp-content\\\/uploads\\\/2025\\\/08\\\/1234.png\",\"width\":237,\"height\":90,\"caption\":\"Posest Kunigunda\"},\"image\":{\"@id\":\"https:\\\/\\\/www.posestkunigunda.com\\\/#\\\/schema\\\/logo\\\/image\\\/\"},\"sameAs\":[\"https:\\\/\\\/www.facebook.com\\\/posestkunigunda\",\"https:\\\/\\\/www.instagram.com\\\/posest_kunigunda\\\/\"]}]}<\/script>\n<!-- \/ Yoast SEO plugin. -->","yoast_head_json":{"title":"Dogodki - Posest Kunigunda","description":"Obi\u0161\u010dite posest Kunigunda, kjer za vas pripravljamo zanimive tematske dogodke. Oglejte si spletni koledar na\u0161ih dogodkov.","robots":{"index":"index","follow":"follow","max-snippet":"max-snippet:-1","max-image-preview":"max-image-preview:large","max-video-preview":"max-video-preview:-1"},"canonical":"https:\/\/www.posestkunigunda.com\/en\/dogodki\/","og_locale":"en_US","og_type":"article","og_title":"Dogodki - Posest Kunigunda","og_description":"Obi\u0161\u010dite posest Kunigunda, kjer za vas pripravljamo zanimive tematske dogodke. Oglejte si spletni koledar na\u0161ih dogodkov.","og_url":"https:\/\/www.posestkunigunda.com\/en\/dogodki\/","og_site_name":"Posest Kunigunda","article_publisher":"https:\/\/www.facebook.com\/posestkunigunda","article_modified_time":"2025-08-30T08:17:25+00:00","og_image":[{"url":"https:\/\/www.posestkunigunda.com\/wp-content\/uploads\/2024\/07\/Screenshot-2024-07-20-at-10.41.50-1024x743.png","type":"","width":"","height":""}],"twitter_card":"summary_large_image","twitter_misc":{"Est. reading time":"2 minutes"},"schema":{"@context":"https:\/\/schema.org","@graph":[{"@type":"WebPage","@id":"https:\/\/www.posestkunigunda.com\/dogodki\/","url":"https:\/\/www.posestkunigunda.com\/dogodki\/","name":"Dogodki - Posest Kunigunda","isPartOf":{"@id":"https:\/\/www.posestkunigunda.com\/#website"},"primaryImageOfPage":{"@id":"https:\/\/www.posestkunigunda.com\/dogodki\/#primaryimage"},"image":{"@id":"https:\/\/www.posestkunigunda.com\/dogodki\/#primaryimage"},"thumbnailUrl":"https:\/\/www.posestkunigunda.com\/wp-content\/uploads\/2024\/07\/Screenshot-2024-07-20-at-10.41.50-1024x743.png","datePublished":"2024-06-10T07:06:23+00:00","dateModified":"2025-08-30T08:17:25+00:00","description":"Obi\u0161\u010dite posest Kunigunda, kjer za vas pripravljamo zanimive tematske dogodke. Oglejte si spletni koledar na\u0161ih dogodkov.","breadcrumb":{"@id":"https:\/\/www.posestkunigunda.com\/dogodki\/#breadcrumb"},"inLanguage":"en-US","potentialAction":[{"@type":"ReadAction","target":["https:\/\/www.posestkunigunda.com\/dogodki\/"]}]},{"@type":"ImageObject","inLanguage":"en-US","@id":"https:\/\/www.posestkunigunda.com\/dogodki\/#primaryimage","url":"https:\/\/www.posestkunigunda.com\/wp-content\/uploads\/2024\/07\/Screenshot-2024-07-20-at-10.41.50-1024x743.png","contentUrl":"https:\/\/www.posestkunigunda.com\/wp-content\/uploads\/2024\/07\/Screenshot-2024-07-20-at-10.41.50-1024x743.png"},{"@type":"BreadcrumbList","@id":"https:\/\/www.posestkunigunda.com\/dogodki\/#breadcrumb","itemListElement":[{"@type":"ListItem","position":1,"name":"Domov","item":"https:\/\/www.posestkunigunda.com\/"},{"@type":"ListItem","position":2,"name":"Dogodki"}]},{"@type":"WebSite","@id":"https:\/\/www.posestkunigunda.com\/#website","url":"https:\/\/www.posestkunigunda.com\/","name":"Posest Kunigunda","description":"Ljubo doma","publisher":{"@id":"https:\/\/www.posestkunigunda.com\/#organization"},"potentialAction":[{"@type":"SearchAction","target":{"@type":"EntryPoint","urlTemplate":"https:\/\/www.posestkunigunda.com\/?s={search_term_string}"},"query-input":{"@type":"PropertyValueSpecification","valueRequired":true,"valueName":"search_term_string"}}],"inLanguage":"en-US"},{"@type":"Organization","@id":"https:\/\/www.posestkunigunda.com\/#organization","name":"Posest Kunigunda","url":"https:\/\/www.posestkunigunda.com\/","logo":{"@type":"ImageObject","inLanguage":"en-US","@id":"https:\/\/www.posestkunigunda.com\/#\/schema\/logo\/image\/","url":"https:\/\/www.posestkunigunda.com\/wp-content\/uploads\/2025\/08\/1234.png","contentUrl":"https:\/\/www.posestkunigunda.com\/wp-content\/uploads\/2025\/08\/1234.png","width":237,"height":90,"caption":"Posest Kunigunda"},"image":{"@id":"https:\/\/www.posestkunigunda.com\/#\/schema\/logo\/image\/"},"sameAs":["https:\/\/www.facebook.com\/posestkunigunda","https:\/\/www.instagram.com\/posest_kunigunda\/"]}]}},"_links":{"self":[{"href":"https:\/\/www.posestkunigunda.com\/en\/wp-json\/wp\/v2\/pages\/2189","targetHints":{"allow":["GET"]}}],"collection":[{"href":"https:\/\/www.posestkunigunda.com\/en\/wp-json\/wp\/v2\/pages"}],"about":[{"href":"https:\/\/www.posestkunigunda.com\/en\/wp-json\/wp\/v2\/types\/page"}],"author":[{"embeddable":true,"href":"https:\/\/www.posestkunigunda.com\/en\/wp-json\/wp\/v2\/users\/16"}],"replies":[{"embeddable":true,"href":"https:\/\/www.posestkunigunda.com\/en\/wp-json\/wp\/v2\/comments?post=2189"}],"version-history":[{"count":202,"href":"https:\/\/www.posestkunigunda.com\/en\/wp-json\/wp\/v2\/pages\/2189\/revisions"}],"predecessor-version":[{"id":6138,"href":"https:\/\/www.posestkunigunda.com\/en\/wp-json\/wp\/v2\/pages\/2189\/revisions\/6138"}],"wp:attachment":[{"href":"https:\/\/www.posestkunigunda.com\/en\/wp-json\/wp\/v2\/media?parent=2189"}],"curies":[{"name":"wp","href":"https:\/\/api.w.org\/{rel}","templated":true}]}}